{"id":997,"date":"2025-01-25T14:04:10","date_gmt":"2025-01-25T14:04:10","guid":{"rendered":"https:\/\/verobecker.com\/?page_id=997"},"modified":"2025-01-25T14:04:28","modified_gmt":"2025-01-25T14:04:28","slug":"station-6-veronique-essuie-le-visage-du-christ","status":"publish","type":"page","link":"https:\/\/verobecker.com\/?page_id=997","title":{"rendered":"STATION 6 : V\u00e9ronique essuie le visage du Christ"},"content":{"rendered":"\n<p>STATION VI : VERONIQUE ESSUIE LE VISAGE DU CHRIST &#8211; 50x50cm &#8211; MONOCHROME ACRYLIQUE SUR TOILE<\/p>\n\n\n\n<figure class=\"wp-block-image size-large\"><img loading=\"lazy\" decoding=\"async\" width=\"1014\" height=\"1024\" src=\"https:\/\/verobecker.com\/wp-content\/uploads\/0dd7ad2a-4bdf-4229-b6c9-54a6e3b73fe2-1014x1024.jpg\" alt=\"\" class=\"wp-image-781\" srcset=\"https:\/\/verobecker.com\/wp-content\/uploads\/0dd7ad2a-4bdf-4229-b6c9-54a6e3b73fe2-1014x1024.jpg 1014w, https:\/\/verobecker.com\/wp-content\/uploads\/0dd7ad2a-4bdf-4229-b6c9-54a6e3b73fe2-297x300.jpg 297w, https:\/\/verobecker.com\/wp-content\/uploads\/0dd7ad2a-4bdf-4229-b6c9-54a6e3b73fe2-150x150.jpg 150w, https:\/\/verobecker.com\/wp-content\/uploads\/0dd7ad2a-4bdf-4229-b6c9-54a6e3b73fe2-768x776.jpg 768w, https:\/\/verobecker.com\/wp-content\/uploads\/0dd7ad2a-4bdf-4229-b6c9-54a6e3b73fe2-1520x1536.jpg 1520w, https:\/\/verobecker.com\/wp-content\/uploads\/0dd7ad2a-4bdf-4229-b6c9-54a6e3b73fe2.jpg 2027w\" sizes=\"auto, (max-width: 1014px) 100vw, 1014px\" \/><\/figure>\n\n\n\n<figure class=\"wp-block-image size-large\"><img loading=\"lazy\" decoding=\"async\" width=\"768\" height=\"1024\" src=\"https:\/\/verobecker.com\/wp-content\/uploads\/1ead1f82-50c5-4595-8707-15cbafc6169d-768x1024.jpg\" alt=\"\" class=\"wp-image-782\" srcset=\"https:\/\/verobecker.com\/wp-content\/uploads\/1ead1f82-50c5-4595-8707-15cbafc6169d-768x1024.jpg 768w, https:\/\/verobecker.com\/wp-content\/uploads\/1ead1f82-50c5-4595-8707-15cbafc6169d-225x300.jpg 225w, https:\/\/verobecker.com\/wp-content\/uploads\/1ead1f82-50c5-4595-8707-15cbafc6169d-1152x1536.jpg 1152w, https:\/\/verobecker.com\/wp-content\/uploads\/1ead1f82-50c5-4595-8707-15cbafc6169d.jpg 1536w\" sizes=\"auto, (max-width: 768px) 100vw, 768px\" \/><\/figure>\n\n\n\n<p>Fait partie des 2 oeuvres envoy\u00e9es, perdues, retrouv\u00e9es, arriv\u00e9es trop tard, au CONCOURS INTERNATIONAL DU VATICAN 2024\/2025<\/p>\n","protected":false},"excerpt":{"rendered":"<p>STATION VI : VERONIQUE ESSUIE LE VISAGE DU CHRIST &#8211; 50x50cm &#8211; MONOCHROME ACRYLIQUE SUR TOILE Fait partie des 2 oeuvres envoy\u00e9es, perdues, retrouv\u00e9es, arriv\u00e9es trop tard, au CONCOURS INTERNATIONAL DU VATICAN 2024\/2025<\/p>\n","protected":false},"author":1,"featured_media":0,"parent":0,"menu_order":0,"comment_status":"closed","ping_status":"closed","template":"","meta":{"om_disable_all_campaigns":false,"_monsterinsights_skip_tracking":false,"_monsterinsights_sitenote_active":false,"_monsterinsights_sitenote_note":"","_monsterinsights_sitenote_category":0,"footnotes":""},"class_list":["post-997","page","type-page","status-publish","hentry"],"aioseo_notices":[],"_links":{"self":[{"href":"https:\/\/verobecker.com\/index.php?rest_route=\/wp\/v2\/pages\/997","targetHints":{"allow":["GET"]}}],"collection":[{"href":"https:\/\/verobecker.com\/index.php?rest_route=\/wp\/v2\/pages"}],"about":[{"href":"https:\/\/verobecker.com\/index.php?rest_route=\/wp\/v2\/types\/page"}],"author":[{"embeddable":true,"href":"https:\/\/verobecker.com\/index.php?rest_route=\/wp\/v2\/users\/1"}],"replies":[{"embeddable":true,"href":"https:\/\/verobecker.com\/index.php?rest_route=%2Fwp%2Fv2%2Fcomments&post=997"}],"version-history":[{"count":1,"href":"https:\/\/verobecker.com\/index.php?rest_route=\/wp\/v2\/pages\/997\/revisions"}],"predecessor-version":[{"id":998,"href":"https:\/\/verobecker.com\/index.php?rest_route=\/wp\/v2\/pages\/997\/revisions\/998"}],"wp:attachment":[{"href":"https:\/\/verobecker.com\/index.php?rest_route=%2Fwp%2Fv2%2Fmedia&parent=997"}],"curies":[{"name":"wp","href":"https:\/\/api.w.org\/{rel}","templated":true}]}}