{"id":937,"date":"2025-01-24T12:31:08","date_gmt":"2025-01-24T12:31:08","guid":{"rendered":"https:\/\/verobecker.com\/?page_id=937"},"modified":"2025-01-25T13:48:43","modified_gmt":"2025-01-25T13:48:43","slug":"madone-a-lenfant-n3","status":"publish","type":"page","link":"https:\/\/verobecker.com\/?page_id=937","title":{"rendered":"MADONE A L&rsquo;ENFANT N\u00b03"},"content":{"rendered":"\n<p>MADONE A L&rsquo;ENFANT N\u00b03 &#8211; ACRYLIQUE SUR TOILE &#8211; 29x29cm<\/p>\n\n\n\n<figure class=\"wp-block-image size-large\"><img loading=\"lazy\" decoding=\"async\" width=\"1024\" height=\"1024\" src=\"https:\/\/verobecker.com\/wp-content\/uploads\/71d3722a-bb57-4f19-baef-f0a333065964-1024x1024.jpg\" alt=\"\" class=\"wp-image-652\" srcset=\"https:\/\/verobecker.com\/wp-content\/uploads\/71d3722a-bb57-4f19-baef-f0a333065964-1024x1024.jpg 1024w, https:\/\/verobecker.com\/wp-content\/uploads\/71d3722a-bb57-4f19-baef-f0a333065964-300x300.jpg 300w, https:\/\/verobecker.com\/wp-content\/uploads\/71d3722a-bb57-4f19-baef-f0a333065964-150x150.jpg 150w, https:\/\/verobecker.com\/wp-content\/uploads\/71d3722a-bb57-4f19-baef-f0a333065964-768x768.jpg 768w, https:\/\/verobecker.com\/wp-content\/uploads\/71d3722a-bb57-4f19-baef-f0a333065964-1536x1536.jpg 1536w, https:\/\/verobecker.com\/wp-content\/uploads\/71d3722a-bb57-4f19-baef-f0a333065964.jpg 2048w\" sizes=\"auto, (max-width: 1024px) 100vw, 1024px\" \/><\/figure>\n\n\n\n<p class=\"has-small-font-size\">Ce tableau explore des th\u00e8mes comme la f\u00e9minit\u00e9, le lien maternel et les nuances entre vuln\u00e9rabilit\u00e9 et force. Il \u00e9voque des questions sur le r\u00f4le des femmes dans la soci\u00e9t\u00e9 ou les cycles de vie.<\/p>\n\n\n\n<p class=\"has-small-font-size\">Dans le contexte de notre soci\u00e9t\u00e9 actuelle, ce tableau peut susciter des \u00e9motions et des r\u00e9flexions profondes qui r\u00e9sonnent avec des probl\u00e9matiques contemporaines.<br>La femme au regard calme, mais pensif, refl\u00e8te les pressions sociales li\u00e9es \u00e0 la maternit\u00e9, au r\u00f4le de \u00ab protectrice \u00bb, ou encore \u00e0 l\u2019id\u00e9alisation de la f\u00e9minit\u00e9. Dans une soci\u00e9t\u00e9 o\u00f9 les attentes envers les femmes (m\u00e8res ou non) restent souvent \u00e9lev\u00e9es, ce tableau peut incarner le poids invisible de ces responsabilit\u00e9s.<br>Les fleurs \u00e9voquent la douceur et la beaut\u00e9, tandis que la corde peut symboliser un lien contraignant. Cela \u00e9voque les dilemmes auxquels les femmes sont confront\u00e9es : concilier libert\u00e9 personnelle et responsabilit\u00e9s impos\u00e9es par la famille, la soci\u00e9t\u00e9 ou les traditions.<\/p>\n\n\n\n<p class=\"has-small-font-size\">Dans un monde en mutation, l&rsquo;image id\u00e9ale de la maternit\u00e9 entre en contraste avec une \u00e9poque o\u00f9 les mod\u00e8les familiaux changent (familles monoparentales, choix de ne pas avoir d&rsquo;enfants). Pourtant, elle offre aussi une lueur d\u2019espoir, mettant en avant l&rsquo;importance des liens humains malgr\u00e9 les d\u00e9fis sociaux et \u00e9conomiques.<\/p>\n\n\n\n<p class=\"has-small-font-size\">La fragilit\u00e9 des g\u00e9n\u00e9rations futures : inqui\u00e9tude et tendresse. L\u2019enfant dans les bras de la femme pourrait repr\u00e9senter les g\u00e9n\u00e9rations futures, vuln\u00e9rables face aux crises actuelles : \u00e9cologiques, \u00e9conomiques, identitaires. Son regard direct interpelle, comme s&rsquo;il posait des questions \u00e0 l&rsquo;observateur :<\/p>\n\n\n\n<p class=\"has-large-font-size\">\u00ab Quel monde me pr\u00e9parez-vous ? \u00bb<\/p>\n\n\n\n<p class=\"has-small-font-size\">La qu\u00eate d&rsquo;un \u00e9quilibre entre tradition et modernit\u00e9, tension et r\u00e9flexion ! Les r\u00e9f\u00e9rences aux figures classiques de la Madone ou de la maternit\u00e9 id\u00e9alis\u00e9e rappellent un attachement aux traditions, mais dans un monde moderne en pleine mutation. Cela invite \u00e0 r\u00e9fl\u00e9chir sur ce qu\u2019il faut pr\u00e9server ou r\u00e9inventer.<\/p>\n\n\n\n<h3 class=\"wp-block-heading has-small-font-size\">Ce tableau, dans le cadre de notre soci\u00e9t\u00e9 actuelle, pourrait repr\u00e9senter le besoin de red\u00e9finir les r\u00f4les traditionnels, de lib\u00e9rer les femmes des contraintes invisibles tout en c\u00e9l\u00e9brant leur r\u00e9silience. Il pose \u00e9galement une question fondamentale : comment prot\u00e9ger et guider les g\u00e9n\u00e9rations futures dans un monde incertain, tout en r\u00e9\u00e9valuant nos valeurs collectives.<\/h3>\n\n\n\n<p><\/p>\n","protected":false},"excerpt":{"rendered":"<p>MADONE A L&rsquo;ENFANT N\u00b03 &#8211; ACRYLIQUE SUR TOILE &#8211; 29x29cm Ce tableau explore des th\u00e8mes comme la f\u00e9minit\u00e9, le lien maternel et les nuances entre vuln\u00e9rabilit\u00e9 et force. Il \u00e9voque des questions sur le r\u00f4le des femmes dans la soci\u00e9t\u00e9 ou les cycles de vie. Dans le contexte de notre soci\u00e9t\u00e9 actuelle, ce tableau peut [&hellip;]<\/p>\n","protected":false},"author":1,"featured_media":0,"parent":0,"menu_order":0,"comment_status":"closed","ping_status":"closed","template":"","meta":{"om_disable_all_campaigns":false,"_monsterinsights_skip_tracking":false,"_monsterinsights_sitenote_active":false,"_monsterinsights_sitenote_note":"","_monsterinsights_sitenote_category":0,"footnotes":""},"class_list":["post-937","page","type-page","status-publish","hentry"],"aioseo_notices":[],"_links":{"self":[{"href":"https:\/\/verobecker.com\/index.php?rest_route=\/wp\/v2\/pages\/937","targetHints":{"allow":["GET"]}}],"collection":[{"href":"https:\/\/verobecker.com\/index.php?rest_route=\/wp\/v2\/pages"}],"about":[{"href":"https:\/\/verobecker.com\/index.php?rest_route=\/wp\/v2\/types\/page"}],"author":[{"embeddable":true,"href":"https:\/\/verobecker.com\/index.php?rest_route=\/wp\/v2\/users\/1"}],"replies":[{"embeddable":true,"href":"https:\/\/verobecker.com\/index.php?rest_route=%2Fwp%2Fv2%2Fcomments&post=937"}],"version-history":[{"count":2,"href":"https:\/\/verobecker.com\/index.php?rest_route=\/wp\/v2\/pages\/937\/revisions"}],"predecessor-version":[{"id":992,"href":"https:\/\/verobecker.com\/index.php?rest_route=\/wp\/v2\/pages\/937\/revisions\/992"}],"wp:attachment":[{"href":"https:\/\/verobecker.com\/index.php?rest_route=%2Fwp%2Fv2%2Fmedia&parent=937"}],"curies":[{"name":"wp","href":"https:\/\/api.w.org\/{rel}","templated":true}]}}