{"id":932,"date":"2025-01-24T12:16:11","date_gmt":"2025-01-24T12:16:11","guid":{"rendered":"https:\/\/verobecker.com\/?page_id=932"},"modified":"2025-01-25T13:44:08","modified_gmt":"2025-01-25T13:44:08","slug":"madone-a-lenfant-n2","status":"publish","type":"page","link":"https:\/\/verobecker.com\/?page_id=932","title":{"rendered":"MADONE A L&rsquo;ENFANT N\u00b02"},"content":{"rendered":"\n<p>MADONE A L&rsquo;ENFANT N\u00b02 &#8211; ACRYLIQUE SUR TOILE &#8211; 29x29cm<\/p>\n\n\n\n<figure data-wp-context=\"{&quot;imageId&quot;:&quot;69e1a2c309964&quot;}\" data-wp-interactive=\"core\/image\" data-wp-key=\"69e1a2c309964\" class=\"wp-block-image size-large wp-lightbox-container\"><img loading=\"lazy\" decoding=\"async\" width=\"1020\" height=\"1024\" data-wp-class--hide=\"state.isContentHidden\" data-wp-class--show=\"state.isContentVisible\" data-wp-init=\"callbacks.setButtonStyles\" data-wp-on--click=\"actions.showLightbox\" data-wp-on--load=\"callbacks.setButtonStyles\" data-wp-on-window--resize=\"callbacks.setButtonStyles\" src=\"https:\/\/verobecker.com\/wp-content\/uploads\/ca44b613-b745-4c5d-9edf-324105ea3fe5-1020x1024.jpg\" alt=\"\" class=\"wp-image-654\" srcset=\"https:\/\/verobecker.com\/wp-content\/uploads\/ca44b613-b745-4c5d-9edf-324105ea3fe5-1020x1024.jpg 1020w, https:\/\/verobecker.com\/wp-content\/uploads\/ca44b613-b745-4c5d-9edf-324105ea3fe5-300x300.jpg 300w, https:\/\/verobecker.com\/wp-content\/uploads\/ca44b613-b745-4c5d-9edf-324105ea3fe5-150x150.jpg 150w, https:\/\/verobecker.com\/wp-content\/uploads\/ca44b613-b745-4c5d-9edf-324105ea3fe5-768x771.jpg 768w, https:\/\/verobecker.com\/wp-content\/uploads\/ca44b613-b745-4c5d-9edf-324105ea3fe5-1529x1536.jpg 1529w, https:\/\/verobecker.com\/wp-content\/uploads\/ca44b613-b745-4c5d-9edf-324105ea3fe5.jpg 2039w\" sizes=\"auto, (max-width: 1020px) 100vw, 1020px\" \/><button\n\t\t\tclass=\"lightbox-trigger\"\n\t\t\ttype=\"button\"\n\t\t\taria-haspopup=\"dialog\"\n\t\t\taria-label=\"Agrandir\"\n\t\t\tdata-wp-init=\"callbacks.initTriggerButton\"\n\t\t\tdata-wp-on--click=\"actions.showLightbox\"\n\t\t\tdata-wp-style--right=\"state.imageButtonRight\"\n\t\t\tdata-wp-style--top=\"state.imageButtonTop\"\n\t\t>\n\t\t\t<svg xmlns=\"http:\/\/www.w3.org\/2000\/svg\" width=\"12\" height=\"12\" fill=\"none\" viewBox=\"0 0 12 12\">\n\t\t\t\t<path fill=\"#fff\" d=\"M2 0a2 2 0 0 0-2 2v2h1.5V2a.5.5 0 0 1 .5-.5h2V0H2Zm2 10.5H2a.5.5 0 0 1-.5-.5V8H0v2a2 2 0 0 0 2 2h2v-1.5ZM8 12v-1.5h2a.5.5 0 0 0 .5-.5V8H12v2a2 2 0 0 1-2 2H8Zm2-12a2 2 0 0 1 2 2v2h-1.5V2a.5.5 0 0 0-.5-.5H8V0h2Z\" \/>\n\t\t\t<\/svg>\n\t\t<\/button><\/figure>\n\n\n\n<p>Grande douceur profonde s\u00e9r\u00e9nit\u00e9. <\/p>\n\n\n\n<p>Le visage de la femme est baign\u00e9 d\u2019une lumi\u00e8re douce qui met en valeur ses traits d\u00e9licats et son expression empreinte de calme et d\u2019introspection. Son regard baiss\u00e9 et son l\u00e9ger sourire m\u00e9lancolique \u00e9voquent une \u00e9motion retenue, entre modestie et r\u00e9flexion, comme si elle \u00e9tait plong\u00e9e dans ses pens\u00e9es.<\/p>\n\n\n\n<p>Le voile blanc et les fleurs d\u00e9licates ajoutent une dimension de puret\u00e9 et d\u2019innocence, renfor\u00e7ant une impression de paix int\u00e9rieure. Evocation d&rsquo; une figure sacr\u00e9e, id\u00e9alis\u00e9e, une ic\u00f4ne de f\u00e9minit\u00e9, de spiritualit\u00e9. Le vert en arri\u00e8re-plan, discret mais riche, qui entoure le personnage d&rsquo;une atmosph\u00e8re naturelle et paisible, accentue un lien avec la nature et l\u2019espoir.<\/p>\n\n\n\n<p>En somme, ce tableau invite \u00e0 la contemplation et transmet un sentiment d\u2019harmonie teint\u00e9 d\u2019un soup\u00e7on de m\u00e9lancolie. Une certaine humilit\u00e9 en \u00e9mane, qui  r\u00e9sonne avec des aspirations \u00e0 la simplicit\u00e9 et \u00e0 la spiritualit\u00e9 dans un monde souvent complexe.<\/p>\n\n\n\n<p>Dans notre soci\u00e9t\u00e9 contemporaine, ce tableau s&rsquo;interpr\u00e8te comme une r\u00e9flexion sur des valeurs intemporelles telles que la puret\u00e9, la spiritualit\u00e9 et la contemplation int\u00e9rieure, dans un monde o\u00f9 ces notions sont souvent \u00e9clips\u00e9es par la rapidit\u00e9 et le mat\u00e9rialisme. La femme, avec son expression paisible et son voile orn\u00e9 de fleurs, incarne une qu\u00eate de s\u00e9r\u00e9nit\u00e9 et de connexion \u00e0 des id\u00e9aux simples, mais puissants.<\/p>\n\n\n\n<p>Cela symbolise une recherche d\u2019identit\u00e9 ou de refuge face aux pressions sociales. Le voile, traditionnellement associ\u00e9 \u00e0 la modestie ou \u00e0 des pratiques spirituelles, doit \u00eatre vu ici comme un rappel des racines culturelles et des traditions, tout en laissant place \u00e0 une certaine universalit\u00e9. Il ne s&rsquo;agit pas d&rsquo;un objet de division, mais plut\u00f4t d&rsquo;un \u00e9l\u00e9ment unificateur, \u00e9voquant une humanit\u00e9 partag\u00e9e.<\/p>\n\n\n\n<p>Ce tableau s\u2019inscrit dans un discours sur l\u2019empowerment f\u00e9minin dans sa dimension subtile : il montre une femme dans un moment d\u2019introspection, assumant une force int\u00e9rieure tranquille plut\u00f4t que le bruit ou l\u2019agitation. En ce sens, il dialogue avec les attentes contradictoires que la soci\u00e9t\u00e9 impose souvent aux femmes : r\u00e9ussir \u00e0 incarner \u00e0 la fois la douceur, la r\u00e9silience, la tradition et la modernit\u00e9.<\/p>\n\n\n\n<p>En r\u00e9sum\u00e9, dans le contexte actuel, cette toile nous invite \u00e0 ralentir, \u00e0 renouer avec des valeurs essentielles et \u00e0 honorer la complexit\u00e9 \u00e9motionnelle et spirituelle de l\u2019individu, en particulier des femmes, au-del\u00e0 des st\u00e9r\u00e9otypes contemporains.<\/p>\n","protected":false},"excerpt":{"rendered":"<p>MADONE A L&rsquo;ENFANT N\u00b02 &#8211; ACRYLIQUE SUR TOILE &#8211; 29x29cm Grande douceur profonde s\u00e9r\u00e9nit\u00e9. Le visage de la femme est baign\u00e9 d\u2019une lumi\u00e8re douce qui met en valeur ses traits d\u00e9licats et son expression empreinte de calme et d\u2019introspection. Son regard baiss\u00e9 et son l\u00e9ger sourire m\u00e9lancolique \u00e9voquent une \u00e9motion retenue, entre modestie et r\u00e9flexion, [&hellip;]<\/p>\n","protected":false},"author":1,"featured_media":0,"parent":0,"menu_order":0,"comment_status":"closed","ping_status":"closed","template":"","meta":{"om_disable_all_campaigns":false,"_monsterinsights_skip_tracking":false,"_monsterinsights_sitenote_active":false,"_monsterinsights_sitenote_note":"","_monsterinsights_sitenote_category":0,"footnotes":""},"class_list":["post-932","page","type-page","status-publish","hentry"],"aioseo_notices":[],"_links":{"self":[{"href":"https:\/\/verobecker.com\/index.php?rest_route=\/wp\/v2\/pages\/932","targetHints":{"allow":["GET"]}}],"collection":[{"href":"https:\/\/verobecker.com\/index.php?rest_route=\/wp\/v2\/pages"}],"about":[{"href":"https:\/\/verobecker.com\/index.php?rest_route=\/wp\/v2\/types\/page"}],"author":[{"embeddable":true,"href":"https:\/\/verobecker.com\/index.php?rest_route=\/wp\/v2\/users\/1"}],"replies":[{"embeddable":true,"href":"https:\/\/verobecker.com\/index.php?rest_route=%2Fwp%2Fv2%2Fcomments&post=932"}],"version-history":[{"count":3,"href":"https:\/\/verobecker.com\/index.php?rest_route=\/wp\/v2\/pages\/932\/revisions"}],"predecessor-version":[{"id":990,"href":"https:\/\/verobecker.com\/index.php?rest_route=\/wp\/v2\/pages\/932\/revisions\/990"}],"wp:attachment":[{"href":"https:\/\/verobecker.com\/index.php?rest_route=%2Fwp%2Fv2%2Fmedia&parent=932"}],"curies":[{"name":"wp","href":"https:\/\/api.w.org\/{rel}","templated":true}]}}