{"id":927,"date":"2025-01-24T12:05:26","date_gmt":"2025-01-24T12:05:26","guid":{"rendered":"https:\/\/verobecker.com\/?page_id=927"},"modified":"2025-01-25T13:39:14","modified_gmt":"2025-01-25T13:39:14","slug":"madone-a-lenfant-n1","status":"publish","type":"page","link":"https:\/\/verobecker.com\/?page_id=927","title":{"rendered":"MADONE A L&rsquo;ENFANT N\u00b01"},"content":{"rendered":"\n<p>MADONE A L&rsquo;ENFANT N\u00b01 &#8211; ACRYLIQUE SUR TOILE &#8211; 29x29cm<\/p>\n\n\n\n<figure data-wp-context=\"{&quot;imageId&quot;:&quot;69e49e659f208&quot;}\" data-wp-interactive=\"core\/image\" data-wp-key=\"69e49e659f208\" class=\"wp-block-image size-large wp-lightbox-container\"><img loading=\"lazy\" decoding=\"async\" width=\"1024\" height=\"1013\" data-wp-class--hide=\"state.isContentHidden\" data-wp-class--show=\"state.isContentVisible\" data-wp-init=\"callbacks.setButtonStyles\" data-wp-on--click=\"actions.showLightbox\" data-wp-on--load=\"callbacks.setButtonStyles\" data-wp-on-window--resize=\"callbacks.setButtonStyles\" src=\"https:\/\/verobecker.com\/wp-content\/uploads\/4ae6469c-2fea-4f87-9a58-2f49a8301ddc-1024x1013.jpg\" alt=\"\" class=\"wp-image-653\" srcset=\"https:\/\/verobecker.com\/wp-content\/uploads\/4ae6469c-2fea-4f87-9a58-2f49a8301ddc-1024x1013.jpg 1024w, https:\/\/verobecker.com\/wp-content\/uploads\/4ae6469c-2fea-4f87-9a58-2f49a8301ddc-300x297.jpg 300w, https:\/\/verobecker.com\/wp-content\/uploads\/4ae6469c-2fea-4f87-9a58-2f49a8301ddc-768x759.jpg 768w, https:\/\/verobecker.com\/wp-content\/uploads\/4ae6469c-2fea-4f87-9a58-2f49a8301ddc-1536x1519.jpg 1536w, https:\/\/verobecker.com\/wp-content\/uploads\/4ae6469c-2fea-4f87-9a58-2f49a8301ddc.jpg 2048w\" sizes=\"auto, (max-width: 1024px) 100vw, 1024px\" \/><button\n\t\t\tclass=\"lightbox-trigger\"\n\t\t\ttype=\"button\"\n\t\t\taria-haspopup=\"dialog\"\n\t\t\taria-label=\"Agrandir\"\n\t\t\tdata-wp-init=\"callbacks.initTriggerButton\"\n\t\t\tdata-wp-on--click=\"actions.showLightbox\"\n\t\t\tdata-wp-style--right=\"state.imageButtonRight\"\n\t\t\tdata-wp-style--top=\"state.imageButtonTop\"\n\t\t>\n\t\t\t<svg xmlns=\"http:\/\/www.w3.org\/2000\/svg\" width=\"12\" height=\"12\" fill=\"none\" viewBox=\"0 0 12 12\">\n\t\t\t\t<path fill=\"#fff\" d=\"M2 0a2 2 0 0 0-2 2v2h1.5V2a.5.5 0 0 1 .5-.5h2V0H2Zm2 10.5H2a.5.5 0 0 1-.5-.5V8H0v2a2 2 0 0 0 2 2h2v-1.5ZM8 12v-1.5h2a.5.5 0 0 0 .5-.5V8H12v2a2 2 0 0 1-2 2H8Zm2-12a2 2 0 0 1 2 2v2h-1.5V2a.5.5 0 0 0-.5-.5H8V0h2Z\" \/>\n\t\t\t<\/svg>\n\t\t<\/button><\/figure>\n\n\n\n<p>Ce tableau d\u00e9gage une intense \u00e9motion m\u00ealant douceur, m\u00e9lancolie et force silencieuse. La femme, voil\u00e9e de blanc, incarne une figure presque sacr\u00e9e, symbolique, \u00e9voquant la puret\u00e9 et la s\u00e9r\u00e9nit\u00e9, tout en portant dans son regard une profondeur m\u00e9ditative. On ressent une dualit\u00e9 : d&rsquo;un c\u00f4t\u00e9, une tendresse maternelle \u00e9vidente, exprim\u00e9e par la fa\u00e7on dont elle tient et prot\u00e8ge l&rsquo;enfant, et de l&rsquo;autre, une certaine tristesse, r\u00e9silience face \u00e0 une situation difficile, sugg\u00e9r\u00e9e par les cordes entourant les personnages, cordes qui symbolisent \u00e9galement les liens, familiaux.<\/p>\n\n\n\n<p>L&rsquo;enfant, blotti contre elle, ajoute une dimension d&rsquo;innocence et de vuln\u00e9rabilit\u00e9, renfor\u00e7ant le lien protecteur et la d\u00e9votion silencieuse de la femme. Les cordes, qui semblent contraindre, peuvent symboliser un poids, une entrave, une lutte, contrastant avec l&rsquo;impression d&rsquo;espoir et de lumi\u00e8re diffus\u00e9e par la composition et les teintes. <\/p>\n\n\n\n<p>Dans l&rsquo;ensemble, ce tableau interpelle par son r\u00e9alisme et sa capacit\u00e9 \u00e0 \u00e9voquer des r\u00e9cits universels : l&rsquo;amour maternel, le sacrifice, la r\u00e9sistance et l&rsquo;espoir face \u00e0 l&rsquo;adversit\u00e9. <\/p>\n\n\n\n<p>Force d&rsquo;\u00e9motion, avec un sentiment de respect face \u00e0 cette sc\u00e8ne empreinte de dignit\u00e9 et de symbolisme.<\/p>\n","protected":false},"excerpt":{"rendered":"<p>MADONE A L&rsquo;ENFANT N\u00b01 &#8211; ACRYLIQUE SUR TOILE &#8211; 29x29cm Ce tableau d\u00e9gage une intense \u00e9motion m\u00ealant douceur, m\u00e9lancolie et force silencieuse. La femme, voil\u00e9e de blanc, incarne une figure presque sacr\u00e9e, symbolique, \u00e9voquant la puret\u00e9 et la s\u00e9r\u00e9nit\u00e9, tout en portant dans son regard une profondeur m\u00e9ditative. On ressent une dualit\u00e9 : d&rsquo;un c\u00f4t\u00e9, [&hellip;]<\/p>\n","protected":false},"author":1,"featured_media":0,"parent":0,"menu_order":0,"comment_status":"closed","ping_status":"closed","template":"","meta":{"om_disable_all_campaigns":false,"_monsterinsights_skip_tracking":false,"_monsterinsights_sitenote_active":false,"_monsterinsights_sitenote_note":"","_monsterinsights_sitenote_category":0,"footnotes":""},"class_list":["post-927","page","type-page","status-publish","hentry"],"aioseo_notices":[],"_links":{"self":[{"href":"https:\/\/verobecker.com\/index.php?rest_route=\/wp\/v2\/pages\/927","targetHints":{"allow":["GET"]}}],"collection":[{"href":"https:\/\/verobecker.com\/index.php?rest_route=\/wp\/v2\/pages"}],"about":[{"href":"https:\/\/verobecker.com\/index.php?rest_route=\/wp\/v2\/types\/page"}],"author":[{"embeddable":true,"href":"https:\/\/verobecker.com\/index.php?rest_route=\/wp\/v2\/users\/1"}],"replies":[{"embeddable":true,"href":"https:\/\/verobecker.com\/index.php?rest_route=%2Fwp%2Fv2%2Fcomments&post=927"}],"version-history":[{"count":3,"href":"https:\/\/verobecker.com\/index.php?rest_route=\/wp\/v2\/pages\/927\/revisions"}],"predecessor-version":[{"id":988,"href":"https:\/\/verobecker.com\/index.php?rest_route=\/wp\/v2\/pages\/927\/revisions\/988"}],"wp:attachment":[{"href":"https:\/\/verobecker.com\/index.php?rest_route=%2Fwp%2Fv2%2Fmedia&parent=927"}],"curies":[{"name":"wp","href":"https:\/\/api.w.org\/{rel}","templated":true}]}}