{"id":907,"date":"2025-01-23T10:10:24","date_gmt":"2025-01-23T10:10:24","guid":{"rendered":"https:\/\/verobecker.com\/?page_id=907"},"modified":"2025-01-25T10:36:29","modified_gmt":"2025-01-25T10:36:29","slug":"station-12-50x50cm","status":"publish","type":"page","link":"https:\/\/verobecker.com\/?page_id=907","title":{"rendered":"STATION 12 50x50cm"},"content":{"rendered":"\n<p>STATION XXI &#8211; 50x50cm &#8211; ACRYLIQUE SUR TOILE<br>(POUR LE CONCOURS INTERNATIONAL DU VATICAN 2024)<\/p>\n\n\n\n<figure class=\"wp-block-gallery has-nested-images columns-default is-cropped wp-block-gallery-1 is-layout-flex wp-block-gallery-is-layout-flex\">\n<figure data-wp-context=\"{&quot;imageId&quot;:&quot;69e1a405aaa79&quot;}\" data-wp-interactive=\"core\/image\" data-wp-key=\"69e1a405aaa79\" class=\"wp-block-image size-large wp-lightbox-container\"><img loading=\"lazy\" decoding=\"async\" width=\"1024\" height=\"1024\" data-wp-class--hide=\"state.isContentHidden\" data-wp-class--show=\"state.isContentVisible\" data-wp-init=\"callbacks.setButtonStyles\" data-wp-on--click=\"actions.showLightbox\" data-wp-on--load=\"callbacks.setButtonStyles\" data-wp-on-window--resize=\"callbacks.setButtonStyles\" data-id=\"780\" src=\"https:\/\/verobecker.com\/wp-content\/uploads\/8da2b82e-f881-4a00-ab5a-0809ce9b70ef-1024x1024.jpg\" alt=\"\" class=\"wp-image-780\" srcset=\"https:\/\/verobecker.com\/wp-content\/uploads\/8da2b82e-f881-4a00-ab5a-0809ce9b70ef-1024x1024.jpg 1024w, https:\/\/verobecker.com\/wp-content\/uploads\/8da2b82e-f881-4a00-ab5a-0809ce9b70ef-300x300.jpg 300w, https:\/\/verobecker.com\/wp-content\/uploads\/8da2b82e-f881-4a00-ab5a-0809ce9b70ef-150x150.jpg 150w, https:\/\/verobecker.com\/wp-content\/uploads\/8da2b82e-f881-4a00-ab5a-0809ce9b70ef-768x768.jpg 768w, https:\/\/verobecker.com\/wp-content\/uploads\/8da2b82e-f881-4a00-ab5a-0809ce9b70ef-1536x1536.jpg 1536w, https:\/\/verobecker.com\/wp-content\/uploads\/8da2b82e-f881-4a00-ab5a-0809ce9b70ef.jpg 2048w\" sizes=\"auto, (max-width: 1024px) 100vw, 1024px\" \/><button\n\t\t\tclass=\"lightbox-trigger\"\n\t\t\ttype=\"button\"\n\t\t\taria-haspopup=\"dialog\"\n\t\t\taria-label=\"Agrandir\"\n\t\t\tdata-wp-init=\"callbacks.initTriggerButton\"\n\t\t\tdata-wp-on--click=\"actions.showLightbox\"\n\t\t\tdata-wp-style--right=\"state.imageButtonRight\"\n\t\t\tdata-wp-style--top=\"state.imageButtonTop\"\n\t\t>\n\t\t\t<svg xmlns=\"http:\/\/www.w3.org\/2000\/svg\" width=\"12\" height=\"12\" fill=\"none\" viewBox=\"0 0 12 12\">\n\t\t\t\t<path fill=\"#fff\" d=\"M2 0a2 2 0 0 0-2 2v2h1.5V2a.5.5 0 0 1 .5-.5h2V0H2Zm2 10.5H2a.5.5 0 0 1-.5-.5V8H0v2a2 2 0 0 0 2 2h2v-1.5ZM8 12v-1.5h2a.5.5 0 0 0 .5-.5V8H12v2a2 2 0 0 1-2 2H8Zm2-12a2 2 0 0 1 2 2v2h-1.5V2a.5.5 0 0 0-.5-.5H8V0h2Z\" \/>\n\t\t\t<\/svg>\n\t\t<\/button><\/figure>\n<\/figure>\n\n\n\n<figure class=\"wp-block-gallery has-nested-images columns-default is-cropped wp-block-gallery-2 is-layout-flex wp-block-gallery-is-layout-flex\">\n<figure data-wp-context=\"{&quot;imageId&quot;:&quot;69e1a405ae113&quot;}\" data-wp-interactive=\"core\/image\" data-wp-key=\"69e1a405ae113\" class=\"wp-block-image size-large wp-lightbox-container\"><img loading=\"lazy\" decoding=\"async\" width=\"768\" height=\"1024\" data-wp-class--hide=\"state.isContentHidden\" data-wp-class--show=\"state.isContentVisible\" data-wp-init=\"callbacks.setButtonStyles\" data-wp-on--click=\"actions.showLightbox\" data-wp-on--load=\"callbacks.setButtonStyles\" data-wp-on-window--resize=\"callbacks.setButtonStyles\" data-id=\"776\" src=\"https:\/\/verobecker.com\/wp-content\/uploads\/588a44f5-df6d-4333-b93b-f485f41a8865-768x1024.jpg\" alt=\"\" class=\"wp-image-776\" srcset=\"https:\/\/verobecker.com\/wp-content\/uploads\/588a44f5-df6d-4333-b93b-f485f41a8865-768x1024.jpg 768w, https:\/\/verobecker.com\/wp-content\/uploads\/588a44f5-df6d-4333-b93b-f485f41a8865-225x300.jpg 225w, https:\/\/verobecker.com\/wp-content\/uploads\/588a44f5-df6d-4333-b93b-f485f41a8865-1152x1536.jpg 1152w, https:\/\/verobecker.com\/wp-content\/uploads\/588a44f5-df6d-4333-b93b-f485f41a8865.jpg 1536w\" sizes=\"auto, (max-width: 768px) 100vw, 768px\" \/><button\n\t\t\tclass=\"lightbox-trigger\"\n\t\t\ttype=\"button\"\n\t\t\taria-haspopup=\"dialog\"\n\t\t\taria-label=\"Agrandir\"\n\t\t\tdata-wp-init=\"callbacks.initTriggerButton\"\n\t\t\tdata-wp-on--click=\"actions.showLightbox\"\n\t\t\tdata-wp-style--right=\"state.imageButtonRight\"\n\t\t\tdata-wp-style--top=\"state.imageButtonTop\"\n\t\t>\n\t\t\t<svg xmlns=\"http:\/\/www.w3.org\/2000\/svg\" width=\"12\" height=\"12\" fill=\"none\" viewBox=\"0 0 12 12\">\n\t\t\t\t<path fill=\"#fff\" d=\"M2 0a2 2 0 0 0-2 2v2h1.5V2a.5.5 0 0 1 .5-.5h2V0H2Zm2 10.5H2a.5.5 0 0 1-.5-.5V8H0v2a2 2 0 0 0 2 2h2v-1.5ZM8 12v-1.5h2a.5.5 0 0 0 .5-.5V8H12v2a2 2 0 0 1-2 2H8Zm2-12a2 2 0 0 1 2 2v2h-1.5V2a.5.5 0 0 0-.5-.5H8V0h2Z\" \/>\n\t\t\t<\/svg>\n\t\t<\/button><\/figure>\n\n\n\n<figure data-wp-context=\"{&quot;imageId&quot;:&quot;69e1a405ae4ad&quot;}\" data-wp-interactive=\"core\/image\" data-wp-key=\"69e1a405ae4ad\" class=\"wp-block-image size-large wp-lightbox-container\"><img loading=\"lazy\" decoding=\"async\" width=\"1024\" height=\"1024\" data-wp-class--hide=\"state.isContentHidden\" data-wp-class--show=\"state.isContentVisible\" data-wp-init=\"callbacks.setButtonStyles\" data-wp-on--click=\"actions.showLightbox\" data-wp-on--load=\"callbacks.setButtonStyles\" data-wp-on-window--resize=\"callbacks.setButtonStyles\" data-id=\"775\" src=\"https:\/\/verobecker.com\/wp-content\/uploads\/32ffe726-b1b9-4758-bf7c-ce35124a434b-1024x1024.jpg\" alt=\"\" class=\"wp-image-775\" srcset=\"https:\/\/verobecker.com\/wp-content\/uploads\/32ffe726-b1b9-4758-bf7c-ce35124a434b-1024x1024.jpg 1024w, https:\/\/verobecker.com\/wp-content\/uploads\/32ffe726-b1b9-4758-bf7c-ce35124a434b-300x300.jpg 300w, https:\/\/verobecker.com\/wp-content\/uploads\/32ffe726-b1b9-4758-bf7c-ce35124a434b-150x150.jpg 150w, https:\/\/verobecker.com\/wp-content\/uploads\/32ffe726-b1b9-4758-bf7c-ce35124a434b-768x767.jpg 768w, https:\/\/verobecker.com\/wp-content\/uploads\/32ffe726-b1b9-4758-bf7c-ce35124a434b-1536x1536.jpg 1536w, https:\/\/verobecker.com\/wp-content\/uploads\/32ffe726-b1b9-4758-bf7c-ce35124a434b.jpg 2048w\" sizes=\"auto, (max-width: 1024px) 100vw, 1024px\" \/><button\n\t\t\tclass=\"lightbox-trigger\"\n\t\t\ttype=\"button\"\n\t\t\taria-haspopup=\"dialog\"\n\t\t\taria-label=\"Agrandir\"\n\t\t\tdata-wp-init=\"callbacks.initTriggerButton\"\n\t\t\tdata-wp-on--click=\"actions.showLightbox\"\n\t\t\tdata-wp-style--right=\"state.imageButtonRight\"\n\t\t\tdata-wp-style--top=\"state.imageButtonTop\"\n\t\t>\n\t\t\t<svg xmlns=\"http:\/\/www.w3.org\/2000\/svg\" width=\"12\" height=\"12\" fill=\"none\" viewBox=\"0 0 12 12\">\n\t\t\t\t<path fill=\"#fff\" d=\"M2 0a2 2 0 0 0-2 2v2h1.5V2a.5.5 0 0 1 .5-.5h2V0H2Zm2 10.5H2a.5.5 0 0 1-.5-.5V8H0v2a2 2 0 0 0 2 2h2v-1.5ZM8 12v-1.5h2a.5.5 0 0 0 .5-.5V8H12v2a2 2 0 0 1-2 2H8Zm2-12a2 2 0 0 1 2 2v2h-1.5V2a.5.5 0 0 0-.5-.5H8V0h2Z\" \/>\n\t\t\t<\/svg>\n\t\t<\/button><\/figure>\n\n\n\n<figure data-wp-context=\"{&quot;imageId&quot;:&quot;69e1a405ae86d&quot;}\" data-wp-interactive=\"core\/image\" data-wp-key=\"69e1a405ae86d\" class=\"wp-block-image size-large wp-lightbox-container\"><img loading=\"lazy\" decoding=\"async\" width=\"768\" height=\"1024\" data-wp-class--hide=\"state.isContentHidden\" data-wp-class--show=\"state.isContentVisible\" data-wp-init=\"callbacks.setButtonStyles\" data-wp-on--click=\"actions.showLightbox\" data-wp-on--load=\"callbacks.setButtonStyles\" data-wp-on-window--resize=\"callbacks.setButtonStyles\" data-id=\"774\" src=\"https:\/\/verobecker.com\/wp-content\/uploads\/537c8b99-2ca2-45ba-8abb-d26f8fc46560-768x1024.jpg\" alt=\"\" class=\"wp-image-774\" srcset=\"https:\/\/verobecker.com\/wp-content\/uploads\/537c8b99-2ca2-45ba-8abb-d26f8fc46560-768x1024.jpg 768w, https:\/\/verobecker.com\/wp-content\/uploads\/537c8b99-2ca2-45ba-8abb-d26f8fc46560-225x300.jpg 225w, https:\/\/verobecker.com\/wp-content\/uploads\/537c8b99-2ca2-45ba-8abb-d26f8fc46560-1152x1536.jpg 1152w, https:\/\/verobecker.com\/wp-content\/uploads\/537c8b99-2ca2-45ba-8abb-d26f8fc46560.jpg 1536w\" sizes=\"auto, (max-width: 768px) 100vw, 768px\" \/><button\n\t\t\tclass=\"lightbox-trigger\"\n\t\t\ttype=\"button\"\n\t\t\taria-haspopup=\"dialog\"\n\t\t\taria-label=\"Agrandir\"\n\t\t\tdata-wp-init=\"callbacks.initTriggerButton\"\n\t\t\tdata-wp-on--click=\"actions.showLightbox\"\n\t\t\tdata-wp-style--right=\"state.imageButtonRight\"\n\t\t\tdata-wp-style--top=\"state.imageButtonTop\"\n\t\t>\n\t\t\t<svg xmlns=\"http:\/\/www.w3.org\/2000\/svg\" width=\"12\" height=\"12\" fill=\"none\" viewBox=\"0 0 12 12\">\n\t\t\t\t<path fill=\"#fff\" d=\"M2 0a2 2 0 0 0-2 2v2h1.5V2a.5.5 0 0 1 .5-.5h2V0H2Zm2 10.5H2a.5.5 0 0 1-.5-.5V8H0v2a2 2 0 0 0 2 2h2v-1.5ZM8 12v-1.5h2a.5.5 0 0 0 .5-.5V8H12v2a2 2 0 0 1-2 2H8Zm2-12a2 2 0 0 1 2 2v2h-1.5V2a.5.5 0 0 0-.5-.5H8V0h2Z\" \/>\n\t\t\t<\/svg>\n\t\t<\/button><\/figure>\n\n\n\n<figure data-wp-context=\"{&quot;imageId&quot;:&quot;69e1a405aece6&quot;}\" data-wp-interactive=\"core\/image\" data-wp-key=\"69e1a405aece6\" class=\"wp-block-image size-large wp-lightbox-container\"><img loading=\"lazy\" decoding=\"async\" width=\"768\" height=\"1024\" data-wp-class--hide=\"state.isContentHidden\" data-wp-class--show=\"state.isContentVisible\" data-wp-init=\"callbacks.setButtonStyles\" data-wp-on--click=\"actions.showLightbox\" data-wp-on--load=\"callbacks.setButtonStyles\" data-wp-on-window--resize=\"callbacks.setButtonStyles\" data-id=\"773\" src=\"https:\/\/verobecker.com\/wp-content\/uploads\/ee36a0f6-c29f-41a8-a8e2-2e7d309be3a3-768x1024.jpg\" alt=\"\" class=\"wp-image-773\" srcset=\"https:\/\/verobecker.com\/wp-content\/uploads\/ee36a0f6-c29f-41a8-a8e2-2e7d309be3a3-768x1024.jpg 768w, https:\/\/verobecker.com\/wp-content\/uploads\/ee36a0f6-c29f-41a8-a8e2-2e7d309be3a3-225x300.jpg 225w, https:\/\/verobecker.com\/wp-content\/uploads\/ee36a0f6-c29f-41a8-a8e2-2e7d309be3a3-1152x1536.jpg 1152w, https:\/\/verobecker.com\/wp-content\/uploads\/ee36a0f6-c29f-41a8-a8e2-2e7d309be3a3.jpg 1536w\" sizes=\"auto, (max-width: 768px) 100vw, 768px\" \/><button\n\t\t\tclass=\"lightbox-trigger\"\n\t\t\ttype=\"button\"\n\t\t\taria-haspopup=\"dialog\"\n\t\t\taria-label=\"Agrandir\"\n\t\t\tdata-wp-init=\"callbacks.initTriggerButton\"\n\t\t\tdata-wp-on--click=\"actions.showLightbox\"\n\t\t\tdata-wp-style--right=\"state.imageButtonRight\"\n\t\t\tdata-wp-style--top=\"state.imageButtonTop\"\n\t\t>\n\t\t\t<svg xmlns=\"http:\/\/www.w3.org\/2000\/svg\" width=\"12\" height=\"12\" fill=\"none\" viewBox=\"0 0 12 12\">\n\t\t\t\t<path fill=\"#fff\" d=\"M2 0a2 2 0 0 0-2 2v2h1.5V2a.5.5 0 0 1 .5-.5h2V0H2Zm2 10.5H2a.5.5 0 0 1-.5-.5V8H0v2a2 2 0 0 0 2 2h2v-1.5ZM8 12v-1.5h2a.5.5 0 0 0 .5-.5V8H12v2a2 2 0 0 1-2 2H8Zm2-12a2 2 0 0 1 2 2v2h-1.5V2a.5.5 0 0 0-.5-.5H8V0h2Z\" \/>\n\t\t\t<\/svg>\n\t\t<\/button><\/figure>\n\n\n\n<figure data-wp-context=\"{&quot;imageId&quot;:&quot;69e1a405af0f1&quot;}\" data-wp-interactive=\"core\/image\" data-wp-key=\"69e1a405af0f1\" class=\"wp-block-image size-large wp-lightbox-container\"><img loading=\"lazy\" decoding=\"async\" width=\"768\" height=\"1024\" data-wp-class--hide=\"state.isContentHidden\" data-wp-class--show=\"state.isContentVisible\" data-wp-init=\"callbacks.setButtonStyles\" data-wp-on--click=\"actions.showLightbox\" data-wp-on--load=\"callbacks.setButtonStyles\" data-wp-on-window--resize=\"callbacks.setButtonStyles\" data-id=\"772\" src=\"https:\/\/verobecker.com\/wp-content\/uploads\/a7b6a753-7c96-42e1-a356-617eead077b7-768x1024.jpg\" alt=\"\" class=\"wp-image-772\" srcset=\"https:\/\/verobecker.com\/wp-content\/uploads\/a7b6a753-7c96-42e1-a356-617eead077b7-768x1024.jpg 768w, https:\/\/verobecker.com\/wp-content\/uploads\/a7b6a753-7c96-42e1-a356-617eead077b7-225x300.jpg 225w, https:\/\/verobecker.com\/wp-content\/uploads\/a7b6a753-7c96-42e1-a356-617eead077b7-1152x1536.jpg 1152w, https:\/\/verobecker.com\/wp-content\/uploads\/a7b6a753-7c96-42e1-a356-617eead077b7.jpg 1536w\" sizes=\"auto, (max-width: 768px) 100vw, 768px\" \/><button\n\t\t\tclass=\"lightbox-trigger\"\n\t\t\ttype=\"button\"\n\t\t\taria-haspopup=\"dialog\"\n\t\t\taria-label=\"Agrandir\"\n\t\t\tdata-wp-init=\"callbacks.initTriggerButton\"\n\t\t\tdata-wp-on--click=\"actions.showLightbox\"\n\t\t\tdata-wp-style--right=\"state.imageButtonRight\"\n\t\t\tdata-wp-style--top=\"state.imageButtonTop\"\n\t\t>\n\t\t\t<svg xmlns=\"http:\/\/www.w3.org\/2000\/svg\" width=\"12\" height=\"12\" fill=\"none\" viewBox=\"0 0 12 12\">\n\t\t\t\t<path fill=\"#fff\" d=\"M2 0a2 2 0 0 0-2 2v2h1.5V2a.5.5 0 0 1 .5-.5h2V0H2Zm2 10.5H2a.5.5 0 0 1-.5-.5V8H0v2a2 2 0 0 0 2 2h2v-1.5ZM8 12v-1.5h2a.5.5 0 0 0 .5-.5V8H12v2a2 2 0 0 1-2 2H8Zm2-12a2 2 0 0 1 2 2v2h-1.5V2a.5.5 0 0 0-.5-.5H8V0h2Z\" \/>\n\t\t\t<\/svg>\n\t\t<\/button><\/figure>\n\n\n\n<figure data-wp-context=\"{&quot;imageId&quot;:&quot;69e1a405af4a2&quot;}\" data-wp-interactive=\"core\/image\" data-wp-key=\"69e1a405af4a2\" class=\"wp-block-image size-large wp-lightbox-container\"><img loading=\"lazy\" decoding=\"async\" width=\"768\" height=\"1024\" data-wp-class--hide=\"state.isContentHidden\" data-wp-class--show=\"state.isContentVisible\" data-wp-init=\"callbacks.setButtonStyles\" data-wp-on--click=\"actions.showLightbox\" data-wp-on--load=\"callbacks.setButtonStyles\" data-wp-on-window--resize=\"callbacks.setButtonStyles\" data-id=\"771\" src=\"https:\/\/verobecker.com\/wp-content\/uploads\/85e94800-02a6-4042-85b0-e6461ea6f7cf-768x1024.jpg\" alt=\"\" class=\"wp-image-771\" srcset=\"https:\/\/verobecker.com\/wp-content\/uploads\/85e94800-02a6-4042-85b0-e6461ea6f7cf-768x1024.jpg 768w, https:\/\/verobecker.com\/wp-content\/uploads\/85e94800-02a6-4042-85b0-e6461ea6f7cf-225x300.jpg 225w, https:\/\/verobecker.com\/wp-content\/uploads\/85e94800-02a6-4042-85b0-e6461ea6f7cf-1152x1536.jpg 1152w, https:\/\/verobecker.com\/wp-content\/uploads\/85e94800-02a6-4042-85b0-e6461ea6f7cf.jpg 1536w\" sizes=\"auto, (max-width: 768px) 100vw, 768px\" \/><button\n\t\t\tclass=\"lightbox-trigger\"\n\t\t\ttype=\"button\"\n\t\t\taria-haspopup=\"dialog\"\n\t\t\taria-label=\"Agrandir\"\n\t\t\tdata-wp-init=\"callbacks.initTriggerButton\"\n\t\t\tdata-wp-on--click=\"actions.showLightbox\"\n\t\t\tdata-wp-style--right=\"state.imageButtonRight\"\n\t\t\tdata-wp-style--top=\"state.imageButtonTop\"\n\t\t>\n\t\t\t<svg xmlns=\"http:\/\/www.w3.org\/2000\/svg\" width=\"12\" height=\"12\" fill=\"none\" viewBox=\"0 0 12 12\">\n\t\t\t\t<path fill=\"#fff\" d=\"M2 0a2 2 0 0 0-2 2v2h1.5V2a.5.5 0 0 1 .5-.5h2V0H2Zm2 10.5H2a.5.5 0 0 1-.5-.5V8H0v2a2 2 0 0 0 2 2h2v-1.5ZM8 12v-1.5h2a.5.5 0 0 0 .5-.5V8H12v2a2 2 0 0 1-2 2H8Zm2-12a2 2 0 0 1 2 2v2h-1.5V2a.5.5 0 0 0-.5-.5H8V0h2Z\" \/>\n\t\t\t<\/svg>\n\t\t<\/button><\/figure>\n\n\n\n<figure data-wp-context=\"{&quot;imageId&quot;:&quot;69e1a405af853&quot;}\" data-wp-interactive=\"core\/image\" data-wp-key=\"69e1a405af853\" class=\"wp-block-image size-large wp-lightbox-container\"><img loading=\"lazy\" decoding=\"async\" width=\"768\" height=\"1024\" data-wp-class--hide=\"state.isContentHidden\" data-wp-class--show=\"state.isContentVisible\" data-wp-init=\"callbacks.setButtonStyles\" data-wp-on--click=\"actions.showLightbox\" data-wp-on--load=\"callbacks.setButtonStyles\" data-wp-on-window--resize=\"callbacks.setButtonStyles\" data-id=\"770\" src=\"https:\/\/verobecker.com\/wp-content\/uploads\/c5f38246-5e63-4598-89f4-530a6db5a0f3-768x1024.jpg\" alt=\"\" class=\"wp-image-770\" srcset=\"https:\/\/verobecker.com\/wp-content\/uploads\/c5f38246-5e63-4598-89f4-530a6db5a0f3-768x1024.jpg 768w, https:\/\/verobecker.com\/wp-content\/uploads\/c5f38246-5e63-4598-89f4-530a6db5a0f3-225x300.jpg 225w, https:\/\/verobecker.com\/wp-content\/uploads\/c5f38246-5e63-4598-89f4-530a6db5a0f3-1152x1536.jpg 1152w, https:\/\/verobecker.com\/wp-content\/uploads\/c5f38246-5e63-4598-89f4-530a6db5a0f3.jpg 1536w\" sizes=\"auto, (max-width: 768px) 100vw, 768px\" \/><button\n\t\t\tclass=\"lightbox-trigger\"\n\t\t\ttype=\"button\"\n\t\t\taria-haspopup=\"dialog\"\n\t\t\taria-label=\"Agrandir\"\n\t\t\tdata-wp-init=\"callbacks.initTriggerButton\"\n\t\t\tdata-wp-on--click=\"actions.showLightbox\"\n\t\t\tdata-wp-style--right=\"state.imageButtonRight\"\n\t\t\tdata-wp-style--top=\"state.imageButtonTop\"\n\t\t>\n\t\t\t<svg xmlns=\"http:\/\/www.w3.org\/2000\/svg\" width=\"12\" height=\"12\" fill=\"none\" viewBox=\"0 0 12 12\">\n\t\t\t\t<path fill=\"#fff\" d=\"M2 0a2 2 0 0 0-2 2v2h1.5V2a.5.5 0 0 1 .5-.5h2V0H2Zm2 10.5H2a.5.5 0 0 1-.5-.5V8H0v2a2 2 0 0 0 2 2h2v-1.5ZM8 12v-1.5h2a.5.5 0 0 0 .5-.5V8H12v2a2 2 0 0 1-2 2H8Zm2-12a2 2 0 0 1 2 2v2h-1.5V2a.5.5 0 0 0-.5-.5H8V0h2Z\" \/>\n\t\t\t<\/svg>\n\t\t<\/button><\/figure>\n\n\n\n<figure data-wp-context=\"{&quot;imageId&quot;:&quot;69e1a405afb8a&quot;}\" data-wp-interactive=\"core\/image\" data-wp-key=\"69e1a405afb8a\" class=\"wp-block-image size-large wp-lightbox-container\"><img loading=\"lazy\" decoding=\"async\" width=\"768\" height=\"1024\" data-wp-class--hide=\"state.isContentHidden\" data-wp-class--show=\"state.isContentVisible\" data-wp-init=\"callbacks.setButtonStyles\" data-wp-on--click=\"actions.showLightbox\" data-wp-on--load=\"callbacks.setButtonStyles\" data-wp-on-window--resize=\"callbacks.setButtonStyles\" data-id=\"769\" src=\"https:\/\/verobecker.com\/wp-content\/uploads\/57348ee0-3b9e-4f05-9773-8b5b3a259cf6-768x1024.jpg\" alt=\"\" class=\"wp-image-769\" srcset=\"https:\/\/verobecker.com\/wp-content\/uploads\/57348ee0-3b9e-4f05-9773-8b5b3a259cf6-768x1024.jpg 768w, https:\/\/verobecker.com\/wp-content\/uploads\/57348ee0-3b9e-4f05-9773-8b5b3a259cf6-225x300.jpg 225w, https:\/\/verobecker.com\/wp-content\/uploads\/57348ee0-3b9e-4f05-9773-8b5b3a259cf6-1152x1536.jpg 1152w, https:\/\/verobecker.com\/wp-content\/uploads\/57348ee0-3b9e-4f05-9773-8b5b3a259cf6.jpg 1536w\" sizes=\"auto, (max-width: 768px) 100vw, 768px\" \/><button\n\t\t\tclass=\"lightbox-trigger\"\n\t\t\ttype=\"button\"\n\t\t\taria-haspopup=\"dialog\"\n\t\t\taria-label=\"Agrandir\"\n\t\t\tdata-wp-init=\"callbacks.initTriggerButton\"\n\t\t\tdata-wp-on--click=\"actions.showLightbox\"\n\t\t\tdata-wp-style--right=\"state.imageButtonRight\"\n\t\t\tdata-wp-style--top=\"state.imageButtonTop\"\n\t\t>\n\t\t\t<svg xmlns=\"http:\/\/www.w3.org\/2000\/svg\" width=\"12\" height=\"12\" fill=\"none\" viewBox=\"0 0 12 12\">\n\t\t\t\t<path fill=\"#fff\" d=\"M2 0a2 2 0 0 0-2 2v2h1.5V2a.5.5 0 0 1 .5-.5h2V0H2Zm2 10.5H2a.5.5 0 0 1-.5-.5V8H0v2a2 2 0 0 0 2 2h2v-1.5ZM8 12v-1.5h2a.5.5 0 0 0 .5-.5V8H12v2a2 2 0 0 1-2 2H8Zm2-12a2 2 0 0 1 2 2v2h-1.5V2a.5.5 0 0 0-.5-.5H8V0h2Z\" \/>\n\t\t\t<\/svg>\n\t\t<\/button><\/figure>\n\n\n\n<figure data-wp-context=\"{&quot;imageId&quot;:&quot;69e1a405aff00&quot;}\" data-wp-interactive=\"core\/image\" data-wp-key=\"69e1a405aff00\" class=\"wp-block-image size-large wp-lightbox-container\"><img loading=\"lazy\" decoding=\"async\" width=\"768\" height=\"1024\" data-wp-class--hide=\"state.isContentHidden\" data-wp-class--show=\"state.isContentVisible\" data-wp-init=\"callbacks.setButtonStyles\" data-wp-on--click=\"actions.showLightbox\" data-wp-on--load=\"callbacks.setButtonStyles\" data-wp-on-window--resize=\"callbacks.setButtonStyles\" data-id=\"768\" src=\"https:\/\/verobecker.com\/wp-content\/uploads\/fe209f26-7e5d-400e-bf65-75f94036da90-768x1024.jpg\" alt=\"\" class=\"wp-image-768\" srcset=\"https:\/\/verobecker.com\/wp-content\/uploads\/fe209f26-7e5d-400e-bf65-75f94036da90-768x1024.jpg 768w, https:\/\/verobecker.com\/wp-content\/uploads\/fe209f26-7e5d-400e-bf65-75f94036da90-225x300.jpg 225w, https:\/\/verobecker.com\/wp-content\/uploads\/fe209f26-7e5d-400e-bf65-75f94036da90-1152x1536.jpg 1152w, https:\/\/verobecker.com\/wp-content\/uploads\/fe209f26-7e5d-400e-bf65-75f94036da90.jpg 1536w\" sizes=\"auto, (max-width: 768px) 100vw, 768px\" \/><button\n\t\t\tclass=\"lightbox-trigger\"\n\t\t\ttype=\"button\"\n\t\t\taria-haspopup=\"dialog\"\n\t\t\taria-label=\"Agrandir\"\n\t\t\tdata-wp-init=\"callbacks.initTriggerButton\"\n\t\t\tdata-wp-on--click=\"actions.showLightbox\"\n\t\t\tdata-wp-style--right=\"state.imageButtonRight\"\n\t\t\tdata-wp-style--top=\"state.imageButtonTop\"\n\t\t>\n\t\t\t<svg xmlns=\"http:\/\/www.w3.org\/2000\/svg\" width=\"12\" height=\"12\" fill=\"none\" viewBox=\"0 0 12 12\">\n\t\t\t\t<path fill=\"#fff\" d=\"M2 0a2 2 0 0 0-2 2v2h1.5V2a.5.5 0 0 1 .5-.5h2V0H2Zm2 10.5H2a.5.5 0 0 1-.5-.5V8H0v2a2 2 0 0 0 2 2h2v-1.5ZM8 12v-1.5h2a.5.5 0 0 0 .5-.5V8H12v2a2 2 0 0 1-2 2H8Zm2-12a2 2 0 0 1 2 2v2h-1.5V2a.5.5 0 0 0-.5-.5H8V0h2Z\" \/>\n\t\t\t<\/svg>\n\t\t<\/button><\/figure>\n\n\n\n<figure data-wp-context=\"{&quot;imageId&quot;:&quot;69e1a405b0253&quot;}\" data-wp-interactive=\"core\/image\" data-wp-key=\"69e1a405b0253\" class=\"wp-block-image size-large wp-lightbox-container\"><img loading=\"lazy\" decoding=\"async\" width=\"1024\" height=\"768\" data-wp-class--hide=\"state.isContentHidden\" data-wp-class--show=\"state.isContentVisible\" data-wp-init=\"callbacks.setButtonStyles\" data-wp-on--click=\"actions.showLightbox\" data-wp-on--load=\"callbacks.setButtonStyles\" data-wp-on-window--resize=\"callbacks.setButtonStyles\" data-id=\"767\" src=\"https:\/\/verobecker.com\/wp-content\/uploads\/f1920cca-51d3-41a5-858e-607fbdc37d62-1024x768.jpg\" alt=\"\" class=\"wp-image-767\" srcset=\"https:\/\/verobecker.com\/wp-content\/uploads\/f1920cca-51d3-41a5-858e-607fbdc37d62-1024x768.jpg 1024w, https:\/\/verobecker.com\/wp-content\/uploads\/f1920cca-51d3-41a5-858e-607fbdc37d62-300x225.jpg 300w, https:\/\/verobecker.com\/wp-content\/uploads\/f1920cca-51d3-41a5-858e-607fbdc37d62-768x576.jpg 768w, https:\/\/verobecker.com\/wp-content\/uploads\/f1920cca-51d3-41a5-858e-607fbdc37d62-1536x1152.jpg 1536w, https:\/\/verobecker.com\/wp-content\/uploads\/f1920cca-51d3-41a5-858e-607fbdc37d62.jpg 2048w\" sizes=\"auto, (max-width: 1024px) 100vw, 1024px\" \/><button\n\t\t\tclass=\"lightbox-trigger\"\n\t\t\ttype=\"button\"\n\t\t\taria-haspopup=\"dialog\"\n\t\t\taria-label=\"Agrandir\"\n\t\t\tdata-wp-init=\"callbacks.initTriggerButton\"\n\t\t\tdata-wp-on--click=\"actions.showLightbox\"\n\t\t\tdata-wp-style--right=\"state.imageButtonRight\"\n\t\t\tdata-wp-style--top=\"state.imageButtonTop\"\n\t\t>\n\t\t\t<svg xmlns=\"http:\/\/www.w3.org\/2000\/svg\" width=\"12\" height=\"12\" fill=\"none\" viewBox=\"0 0 12 12\">\n\t\t\t\t<path fill=\"#fff\" d=\"M2 0a2 2 0 0 0-2 2v2h1.5V2a.5.5 0 0 1 .5-.5h2V0H2Zm2 10.5H2a.5.5 0 0 1-.5-.5V8H0v2a2 2 0 0 0 2 2h2v-1.5ZM8 12v-1.5h2a.5.5 0 0 0 .5-.5V8H12v2a2 2 0 0 1-2 2H8Zm2-12a2 2 0 0 1 2 2v2h-1.5V2a.5.5 0 0 0-.5-.5H8V0h2Z\" \/>\n\t\t\t<\/svg>\n\t\t<\/button><\/figure>\n<\/figure>\n\n\n\n<p>Ce tableau repr\u00e9sente une sc\u00e8ne puissante et traditionnelle de la crucifixion du Christ. On y observe une figure marqu\u00e9e par la souffrance et l\u2019abandon, mise en \u00e9vidence par une composition dramatique et un jeu de lumi\u00e8re clair-obscur qui rappelle les \u0153uvres baroques. <\/p>\n\n\n\n<p>Le visage du Christ, inclin\u00e9 avec les yeux clos, exprime un m\u00e9lange de douleur et de r\u00e9signation, soulignant son sacrifice. La couronne d\u2019\u00e9pines, d\u2019o\u00f9 s\u2019\u00e9coule le sang, et les d\u00e9tails des blessures sur son corps renforcent le pathos de la sc\u00e8ne. L\u2019arri\u00e8re-plan sombre met en relief la figure principale, accentuant la tension et la solennit\u00e9 du moment. Ce tableau pourrait \u00e9galement \u00eatre vu comme une r\u00e9flexion sur l\u2019endurance face \u00e0 la souffrance et le triomphe spirituel au-del\u00e0 de l\u2019\u00e9preuve physique.  <\/p>\n\n\n\n<p>Ce tableau, ainsi que STATION 6 \u00ab\u00a0V\u00e9ronique essuie le visage du Christ\u00a0\u00bb, ont \u00e9t\u00e9 cr\u00e9\u00e9s pour le CONCOURS INTERNATIONAL du VATICAN 2024\/2025, mais ont \u00e9t\u00e9 envoy\u00e9s en retard, et puis ont \u00e9t\u00e9 perdus, retrouv\u00e9s, et ne sont malheureusement arriv\u00e9s que trop tard..<\/p>\n","protected":false},"excerpt":{"rendered":"<p>STATION XXI &#8211; 50x50cm &#8211; ACRYLIQUE SUR TOILE(POUR LE CONCOURS INTERNATIONAL DU VATICAN 2024) Ce tableau repr\u00e9sente une sc\u00e8ne puissante et traditionnelle de la crucifixion du Christ. On y observe une figure marqu\u00e9e par la souffrance et l\u2019abandon, mise en \u00e9vidence par une composition dramatique et un jeu de lumi\u00e8re clair-obscur qui rappelle les \u0153uvres [&hellip;]<\/p>\n","protected":false},"author":1,"featured_media":0,"parent":0,"menu_order":0,"comment_status":"closed","ping_status":"closed","template":"","meta":{"om_disable_all_campaigns":false,"_monsterinsights_skip_tracking":false,"_monsterinsights_sitenote_active":false,"_monsterinsights_sitenote_note":"","_monsterinsights_sitenote_category":0,"footnotes":""},"class_list":["post-907","page","type-page","status-publish","hentry"],"aioseo_notices":[],"_links":{"self":[{"href":"https:\/\/verobecker.com\/index.php?rest_route=\/wp\/v2\/pages\/907","targetHints":{"allow":["GET"]}}],"collection":[{"href":"https:\/\/verobecker.com\/index.php?rest_route=\/wp\/v2\/pages"}],"about":[{"href":"https:\/\/verobecker.com\/index.php?rest_route=\/wp\/v2\/types\/page"}],"author":[{"embeddable":true,"href":"https:\/\/verobecker.com\/index.php?rest_route=\/wp\/v2\/users\/1"}],"replies":[{"embeddable":true,"href":"https:\/\/verobecker.com\/index.php?rest_route=%2Fwp%2Fv2%2Fcomments&post=907"}],"version-history":[{"count":4,"href":"https:\/\/verobecker.com\/index.php?rest_route=\/wp\/v2\/pages\/907\/revisions"}],"predecessor-version":[{"id":958,"href":"https:\/\/verobecker.com\/index.php?rest_route=\/wp\/v2\/pages\/907\/revisions\/958"}],"wp:attachment":[{"href":"https:\/\/verobecker.com\/index.php?rest_route=%2Fwp%2Fv2%2Fmedia&parent=907"}],"curies":[{"name":"wp","href":"https:\/\/api.w.org\/{rel}","templated":true}]}}