{"id":496,"date":"2025-01-20T17:06:34","date_gmt":"2025-01-20T17:06:34","guid":{"rendered":"https:\/\/verobecker.com\/?page_id=496"},"modified":"2025-01-21T14:24:58","modified_gmt":"2025-01-21T14:24:58","slug":"expositions-2","status":"publish","type":"page","link":"https:\/\/verobecker.com\/?page_id=496","title":{"rendered":"EXPOSITIONS"},"content":{"rendered":"\n<figure class=\"wp-block-image size-large\"><img loading=\"lazy\" decoding=\"async\" width=\"1024\" height=\"440\" src=\"https:\/\/verobecker.com\/wp-content\/uploads\/f8a95925-74bd-422b-85b5-cee891ebe6ea-e1737469348222-1024x440.jpg\" alt=\"\" class=\"wp-image-615\" srcset=\"https:\/\/verobecker.com\/wp-content\/uploads\/f8a95925-74bd-422b-85b5-cee891ebe6ea-e1737469348222-1024x440.jpg 1024w, https:\/\/verobecker.com\/wp-content\/uploads\/f8a95925-74bd-422b-85b5-cee891ebe6ea-e1737469348222-300x129.jpg 300w, https:\/\/verobecker.com\/wp-content\/uploads\/f8a95925-74bd-422b-85b5-cee891ebe6ea-e1737469348222-768x330.jpg 768w, https:\/\/verobecker.com\/wp-content\/uploads\/f8a95925-74bd-422b-85b5-cee891ebe6ea-e1737469348222-1536x660.jpg 1536w, https:\/\/verobecker.com\/wp-content\/uploads\/f8a95925-74bd-422b-85b5-cee891ebe6ea-e1737469348222.jpg 2048w\" sizes=\"auto, (max-width: 1024px) 100vw, 1024px\" \/><\/figure>\n\n\n\n<p>\u00a0\u00bb Le nu est le sujet essentiel de la peinture actuelle de V\u00e9ro BECKER et celui-ci, qui doit beaucoup \u00e0 la tradition picturale, est trait\u00e9 d&rsquo;une mani\u00e8re tr\u00e8s contemporaine. L&rsquo;oeuvre de V\u00e9ro BECKER donne \u00e0 voir le portrait d&rsquo;une humanit\u00e9 dans tout son d\u00e9nuement et sa solitude, \u00e0 la recherche de Soi. Une entreprise difficile dans le monde moderne o\u00f9 la fr\u00e9n\u00e9sie de consommation, la foule, la vie tr\u00e9pidante de la ville emporte souvent loin de soi-m\u00eame, tout en renfor\u00e7ant parfois le sentiment d&rsquo;isolement.\u00a0\u00bb Marie DEPARIS, 2008, Paysages politiques, paysages contemporains.<\/p>\n\n\n\n<h2 class=\"wp-block-heading\">EXPOSITIONS :<\/h2>\n\n\n\n<ul class=\"wp-block-list\">\n<li><strong>1973<\/strong>&nbsp;1Er Prix De Peinture Moyeuvre-Grande, Lorraine, France<\/li>\n\n\n\n<li>EXPOSITION COLLECTIVE MEREVILLE (54) 1978<\/li>\n\n\n\n<li>EXPOSITION COLLECTIVE VENASQUE 1989<\/li>\n\n\n\n<li>CHAPELLE DES PENITENTS BLANCS 84 PERNES LES FONTAINES 01\/07\/1990 AU 31\/07\/1990<\/li>\n\n\n\n<li>BEAUMES DE VENISE 1991<\/li>\n\n\n\n<li>2e prix Webcolor 2005<\/li>\n\n\n\n<li>EXPOSITION SOLO WOIPPY HOTEL DE VILLE (57) DU 01\/02\/2007 AU 23\/02\/2007<\/li>\n\n\n\n<li>BIENNALE DE DOMBASLE SUR MEURTHE (54) Du 18\/05\/2007 au 20\/05\/2007<\/li>\n\n\n\n<li>VENTE AUX ENCHERES MAISON ROSSINI PARIS Du 06\/06\/2007 au 06\/06\/2007<\/li>\n\n\n\n<li>NEW YORK EXPO SIEGE DE L&rsquo;ONU 2007<\/li>\n\n\n\n<li>RESTAURANT ALHANA PARIS 14e Du 01\/07\/2007 au 30\/09\/2007<\/li>\n\n\n\n<li>HYERES LES PALMIERS FORUM DU CASINO SAF 07\/08\/07\/2007<\/li>\n\n\n\n<li>ESPACE DES ARTS (ALAF) STE MAXIME SYMPHONIE EN BLEU 16\/17\/18\/08\/2007<\/li>\n\n\n\n<li>&nbsp;GALERIE JARDIN PARIS 14e Du 01\/10\/2007 au 31\/10\/2007<\/li>\n\n\n\n<li>BASILIQUE ST MARC HERAKLION (CRETE) DU 19\/05\/2008 AU 14\/06\/2008<\/li>\n\n\n\n<li>ATHENES DU 14\/06\/2008 AU 16\/06\/2008<\/li>\n\n\n\n<li>HOTEL DU DEPARTEMENT STRASBOURG<\/li>\n\n\n\n<li>CARROUSEL DU LOUVRES ARTSHOPPING 27 ET 28\/10\/2008<\/li>\n\n\n\n<li>CASINO DE PARIS FORUM DU CASINO POUR LES 25 ANS DE  LA COMPAGNIE CREOLE 8\/9\/10 OCTOBRE 2008<\/li>\n\n\n\n<li>FOIRE DE MONS BELGIQUE DU 17 AU 25\/11\/2008<\/li>\n<\/ul>\n\n\n\n<p>PRESENTE DANS LES DICTIONNAIRES DROUOT COTATIONS DES ARTISTES 2005 \/ 2006 \/ 2007<\/p>\n","protected":false},"excerpt":{"rendered":"<p>\u00a0\u00bb Le nu est le sujet essentiel de la peinture actuelle de V\u00e9ro BECKER et celui-ci, qui doit beaucoup \u00e0 la tradition picturale, est trait\u00e9 d&rsquo;une mani\u00e8re tr\u00e8s contemporaine. L&rsquo;oeuvre de V\u00e9ro BECKER donne \u00e0 voir le portrait d&rsquo;une humanit\u00e9 dans tout son d\u00e9nuement et sa solitude, \u00e0 la recherche de Soi. Une entreprise difficile [&hellip;]<\/p>\n","protected":false},"author":1,"featured_media":0,"parent":0,"menu_order":0,"comment_status":"closed","ping_status":"closed","template":"","meta":{"om_disable_all_campaigns":false,"_monsterinsights_skip_tracking":false,"_monsterinsights_sitenote_active":false,"_monsterinsights_sitenote_note":"","_monsterinsights_sitenote_category":0,"footnotes":""},"class_list":["post-496","page","type-page","status-publish","hentry"],"aioseo_notices":[],"_links":{"self":[{"href":"https:\/\/verobecker.com\/index.php?rest_route=\/wp\/v2\/pages\/496","targetHints":{"allow":["GET"]}}],"collection":[{"href":"https:\/\/verobecker.com\/index.php?rest_route=\/wp\/v2\/pages"}],"about":[{"href":"https:\/\/verobecker.com\/index.php?rest_route=\/wp\/v2\/types\/page"}],"author":[{"embeddable":true,"href":"https:\/\/verobecker.com\/index.php?rest_route=\/wp\/v2\/users\/1"}],"replies":[{"embeddable":true,"href":"https:\/\/verobecker.com\/index.php?rest_route=%2Fwp%2Fv2%2Fcomments&post=496"}],"version-history":[{"count":9,"href":"https:\/\/verobecker.com\/index.php?rest_route=\/wp\/v2\/pages\/496\/revisions"}],"predecessor-version":[{"id":730,"href":"https:\/\/verobecker.com\/index.php?rest_route=\/wp\/v2\/pages\/496\/revisions\/730"}],"wp:attachment":[{"href":"https:\/\/verobecker.com\/index.php?rest_route=%2Fwp%2Fv2%2Fmedia&parent=496"}],"curies":[{"name":"wp","href":"https:\/\/api.w.org\/{rel}","templated":true}]}}