{"id":469,"date":"2025-01-20T15:42:04","date_gmt":"2025-01-20T15:42:04","guid":{"rendered":"https:\/\/verobecker.com\/?page_id=469"},"modified":"2026-04-16T16:37:23","modified_gmt":"2026-04-16T16:37:23","slug":"biographie","status":"publish","type":"page","link":"https:\/\/verobecker.com\/?page_id=469","title":{"rendered":"BIOGRAPHIE"},"content":{"rendered":"\n<figure class=\"wp-block-image size-large is-resized\"><img loading=\"lazy\" decoding=\"async\" width=\"769\" height=\"1024\" src=\"https:\/\/verobecker.com\/wp-content\/uploads\/2025\/01\/a918bbf6-4374-4806-9e00-5182b64b5141-769x1024.jpg\" alt=\"\" class=\"wp-image-104\" style=\"width:118px;height:auto\" srcset=\"https:\/\/verobecker.com\/wp-content\/uploads\/2025\/01\/a918bbf6-4374-4806-9e00-5182b64b5141-769x1024.jpg 769w, https:\/\/verobecker.com\/wp-content\/uploads\/2025\/01\/a918bbf6-4374-4806-9e00-5182b64b5141-225x300.jpg 225w, https:\/\/verobecker.com\/wp-content\/uploads\/2025\/01\/a918bbf6-4374-4806-9e00-5182b64b5141-768x1023.jpg 768w, https:\/\/verobecker.com\/wp-content\/uploads\/2025\/01\/a918bbf6-4374-4806-9e00-5182b64b5141.jpg 939w\" sizes=\"auto, (max-width: 769px) 100vw, 769px\" \/><\/figure>\n\n\n\n<p><em><u>Biographie de l&rsquo;artiste V\u00e9ro BECKER<\/u><\/em><\/p>\n\n\n\n<p>N\u00e9e le 14 avril 1965 en Lorraine, Vero Becker na\u00eet d\u00e9j\u00e0 avec une destin\u00e9e grav\u00e9e dans la couleur et le trait. D\u00e8s l\u2019\u00e2ge de six ans, elle d\u00e9couvre que la peinture ne sera pas seulement un art, mais un langage secret pour traduire le monde, pour exorciser la complexit\u00e9 de la vie.<\/p>\n\n\n\n<p>Son oncle, venu du Sud, en lui offrant ses premiers tubes d\u2019huile, comme on confie un tr\u00e9sor \u00e0 un enfant encore incapable d\u2019en mesurer l\u2019ampleur, l\u2019initie \u00e0 un univers o\u00f9 chaque mus\u00e9e, chaque exposition est un passage initiatique.<\/p>\n\n\n\n<p>Son p\u00e8re, de son c\u00f4t\u00e9, lui enseigne et transmet le go\u00fbt du dessin, de la rigueur et la pr\u00e9cision qui deviendront les fondations invisibles de son style.<\/p>\n\n\n\n<p>\u00c0 huit ans, elle remporte le 1er prix de peinture de la ville de Moyeuvre-Grande (1973).<\/p>\n\n\n\n<p>Le peintre B\u00fchler lui enseigne la gouache et les encres, ajoutant des nuances \u00e0 sa palette.<\/p>\n\n\n\n<p>\u00c0 treize ans, elle r\u00e9alise ses premi\u00e8res copies de tableaux c\u00e9l\u00e8bres.<\/p>\n\n\n\n<p>Elle explore alors toutes les techniques \u2014 mine de plomb, fusain, sanguine, aquarelle, collages \u2014 et d\u00e9couvre, \u00e9merveill\u00e9e, les ocres du Lub\u00e9ron, \u00e0 la recherche des pigments capables de r\u00e9v\u00e9ler l\u2019invisible.<\/p>\n\n\n\n<p>Puis le temps des \u00e9tudes lyc\u00e9ennes litt\u00e9raires artistiques, tout en fr\u00e9quentant deux ou trois fois les Beaux-Arts de METZ avec sa prof d&rsquo;arts plastiques, pour d\u00e9j\u00e0 se rendre compte que les chemins acad\u00e9miques ne sont pas faits pour pr\u00e9server sa libert\u00e9 cr\u00e9ative visc\u00e9rale que rien ni personne ne pourrait brider.<\/p>\n\n\n\n<p>Vero finit par se forger seule, inlassablement, un univers qui lui est propre. Elle d\u00e9vore les trait\u00e9s et les \u0153uvres des ma\u00eetres anciens, L\u00e9onard de Vinci, Cabanel, Bouguereau, Fragonard, Velasquez, Braque, Vasarely, Van Gogh, \u2026 comme d\u2019autres cherchent des livres sacr\u00e9s.<\/p>\n\n\n\n<p>Elle refuse de s&rsquo;asseoir parmi les \u00ab&nbsp;moutons&nbsp;\u00bb des Institutions&nbsp;!<\/p>\n\n\n\n<p>Elle observe, copie, recommence.<\/p>\n\n\n\n<p>En 1980, elle est exceptionnellement rep\u00e9r\u00e9e et sera admise pour l&rsquo;entr\u00e9e aux Arts Appliqu\u00e9s de Strasbourg, mais refuse de s\u2019\u00e9loigner de sa famille, choisissant la libert\u00e9 sur la reconnaissance acad\u00e9mique.<\/p>\n\n\n\n<p>Une d\u00e9cision qui, loin de freiner son ascension, scelle son destin : celui d\u2019une artiste qui forge son identit\u00e9 seule, avec courage et obstination, m\u00e9lange de libert\u00e9, de marginalit\u00e9 choisie et de fid\u00e9lit\u00e9 \u00e0 ses racines.<\/p>\n\n\n\n<p>En 1984, sa grand-m\u00e8re la finance, et elle s&rsquo;installe comme peintre en lettres au sous-sol de sa boutique de mat\u00e9riels Beaux-Arts et parall\u00e8lement commence \u00e0 enseigner la peinture \u00e0 l\u2019association \u00ab Loisirs et D\u00e9tente \u00bb \u00e0 Moyeuvre&nbsp;Grande, partageant ses acquis et transmettant aux adultes ce qu\u2019elle a appris seule, patiemment, parfois douloureusement.<\/p>\n\n\n\n<p>1985 c&rsquo;est aussi l&rsquo;ann\u00e9e de son mariage avec Fred, un superbe mannequin, celui qui dilapidera tout son argent, un don juan mythomane, il lui donnera son premier enfant. Elle le quittera aux 9 mois de mariage et fermera boutique et entreprise.<\/p>\n\n\n\n<p>Toiles sous les bras, en qu\u00eate d&#8217;emploi, elle est alors embauch\u00e9e dans une soci\u00e9t\u00e9 de s\u00e9rigraphie comme maquettiste en publicit\u00e9, o\u00f9 elle restera deux ann\u00e9es \u00e0 essayer de s&rsquo;\u00e9clater sur des projets artistiques d&rsquo;affiches grand format, mais brid\u00e9e par ses sup\u00e9rieurs dans ce monde misogyne, prendra la poudre d&rsquo;escampette..<\/p>\n\n\n\n<p>Nous sommes en 1988 et elle arrive donc dans le Sud de la France, avec juste sa petite fille de 3 ans, ses toiles et sa valise, le tout dans sa voiture pos\u00e9e sur un train. Elle arrive chez son oncle et sa tante.<\/p>\n\n\n\n<p>Elle trouve des emplois alimentaires pour subvenir aux besoins de sa fille.<\/p>\n\n\n\n<p>EN 1990, elle rencontre Paul et met au monde son deuxi\u00e8me enfant, mais le sort s&rsquo;acharne&nbsp;: son b\u00e9b\u00e9 est entre la vie et la mort trois mois durant, hospitalis\u00e9 \u00e0 Marseille et branch\u00e9 de partout.<\/p>\n\n\n\n<p>Le malheur laissera enfin place au bonheur, elle reprendra les pinceaux de plus belle et vendra ses oeuvres en France, en Italie, en Ecosse, en Allemagne, des commandes de particuliers, par le biais de diff\u00e9rentes expositions ou dans son atelier.<\/p>\n\n\n\n<p>De l&rsquo;impressionnisme au surr\u00e9alisme, de l&rsquo;abstrait au figuratif, du cubisme \u00e0 l&rsquo;abstrait, de la copie de grands ma\u00eetres aux fresques murales, sa peinture est prot\u00e9iforme.<\/p>\n\n\n\n<p>Pinceaux, brosses, couteaux, objets divers, doigts, pieds, bouche&#8230; elle manie toutes les techniques, aquarelles, encre de chine, pastel, crayon et fusain.<\/p>\n\n\n\n<p>Sa peinture est souvent impr\u00e9gn\u00e9e de violence, reflet d&rsquo;une vie habit\u00e9e de cataclysmes chroniques, d&rsquo;o\u00f9 une sinc\u00e9rit\u00e9 d&rsquo;\u00e2me transpos\u00e9e sur de multiples toiles.<\/p>\n\n\n\n<p>1992&nbsp;c&rsquo;est l&rsquo;ann\u00e9e de l&rsquo;indicible&nbsp;: son oncle, d\u00e9j\u00e0 soup\u00e7onn\u00e9 de p\u00e9dophilie, lui annonce son attirance amoureuse pour elle. Le consid\u00e9rant comme son deuxi\u00e8me p\u00e8re, elle y voit l&rsquo;inceste et s&rsquo;effondre \u00e0 nouveau.<\/p>\n\n\n\n<p>Alcool, drogue et d\u00e9pression .. elle quitte \u00e0 maintes reprises le p\u00e8re de son fils.<\/p>\n\n\n\n<p>Elle finit par rentrer en Lorraine en 1994, apr\u00e8s la mort de sa grand \u2013 m\u00e8re en octobre 1993, an\u00e9antie par sa disparition qui la fera plonger de nombreuses ann\u00e9es dans une nouvelle profonde d\u00e9pression, et de nouveau la descente aux enfers.<\/p>\n\n\n\n<p>Elle l\u00e2che tout&nbsp;: compagnon, pinceaux, et stabilit\u00e9, jusqu&rsquo;en 1998 quand elle rencontre Eric, le p\u00e8re de son troisi\u00e8me enfant. Cette m\u00eame ann\u00e9e o\u00f9 sa premi\u00e8re fille est d\u00e9clar\u00e9e schizophr\u00e8ne et intern\u00e9e,&nbsp;apr\u00e8s de multiples et graves \u00e9pisodes tumultueux.<\/p>\n\n\n\n<p>Mais en 2004, l&rsquo;horreur atteint son paroxysme&nbsp;: elle perd sa m\u00e8re, emport\u00e9e en 10 mois, d&rsquo;un cancer \u00e0 61 ans.<\/p>\n\n\n\n<p>Elle reprend enfin les pinceaux. \u00c0 partir de l\u00e0, sa peinture devient une d\u00e9votion totale et quotidienne.<\/p>\n\n\n\n<p>Ses \u0153uvres se colorent alors de noir, d\u2019or et de rouge, o\u00f9 la lumi\u00e8re et l\u2019ombre dialoguent dans un clair-obscur puissant, presque th\u00e9\u00e2tral. Les contrastes se radicalisent, comme si fragmenter l\u2019ombre permettait d\u2019y insuffler de la v\u00e9rit\u00e9. Les compositions se simplifient, mais chaque ligne, chaque contraste, chaque reflet devient une d\u00e9claration, un po\u00e8me silencieux.<\/p>\n\n\n\n<p>En 2008, sa rencontre avec l\u2019artiste nanc\u00e9enne MOLOK et certaines de leurs expositions communes marque un tournant, car sa sant\u00e9 respiratoire fragile la contraint \u00e0 d\u00e9laisser l\u2019huile au profit de l\u2019acrylique.<\/p>\n\n\n\n<p>Ce qui aurait pu \u00eatre un renoncement se transforme en r\u00e9v\u00e9lation : l\u2019acrylique, m\u00e9dium imm\u00e9diat et versatile, devient la cl\u00e9 d\u2019une libert\u00e9 nouvelle et inattendue.<\/p>\n\n\n\n<p>Son parcours la m\u00e8ne \u00e0 exposer dans des lieux mythiques : Artshopping au Carrousel du Louvre, en Cr\u00e8te (H\u00e9raklion), au si\u00e8ge de l\u2019ONU \u00e0 New York avec Naute, et moult salons.<\/p>\n\n\n\n<p>Ses \u0153uvres voyagent \u00e0 travers le monde et trouvent leur place dans des collections priv\u00e9es.<\/p>\n\n\n\n<p>En parall\u00e8le, une vie conjugale remplie de violences physiques insoutenables qui la fera se cacher avec ses enfants pour fuir l&rsquo;innommable.<\/p>\n\n\n\n<p>Mais en 2011, l&rsquo;ann\u00e9e de sa rencontre avec Bob, calme et s\u00e9r\u00e9nit\u00e9 enfin trouv\u00e9e, elle peut poursuivre toutes ses recherches d&rsquo;atelier, d&rsquo;abord en Ard\u00e8che o\u00f9 la Nature, les rivi\u00e8res, rochers et les racines d\u00e9couvertes par les sols secs l&rsquo;attirent et l&rsquo;aimantent, puis en Meuse \u00e0 partir de 2020 o\u00f9 elle r\u00e9side encore aujourd&rsquo;hui.<\/p>\n\n\n\n<p>Dans son atelier, Vero Becker cr\u00e9e chaque jour comme on entre en transe : lumi\u00e8re, ombre, symbole et couleur s\u2019entrelacent pour former des univers complexes, o\u00f9 sa vie \u2014 ses joies, ses douleurs, ses ruptures et ses renaissances \u2014 se transforme en mati\u00e8re picturale.<\/p>\n\n\n\n<p>Rien dans son \u0153uvre n\u2019est laiss\u00e9 au hasard.<\/p>\n\n\n\n<p>Ses recherches sur les techniques anciennes s\u2019approfondissent, les glacis, sous-couches et transparences deviennent ses armes secr\u00e8tes, et les symboles qu\u2019elle cache dans ses \u0153uvres prennent une densit\u00e9 in\u00e9dite.<\/p>\n\n\n\n<p>C&rsquo;est une qu\u00eate quotidienne d&rsquo;essayer d&rsquo;apprivoiser ses acryliques pour un rendu au plus pr\u00e8s des huiles.<\/p>\n\n\n\n<p>Chaque couleur, chaque composition est le fruit de recherches obsessionnelles, de nuits et de jours pass\u00e9s \u00e0 scruter les ma\u00eetres anciens et \u00e0 sonder les profondeurs du symbolisme.<\/p>\n\n\n\n<p>Mais au-del\u00e0 de la ma\u00eetrise technique, de la virtuosit\u00e9 et des symboles raffin\u00e9s, ses tableaux parlent au monde contemporain.<\/p>\n\n\n\n<p>Ils interrogent la soci\u00e9t\u00e9, la famille, la fragilit\u00e9 humaine, la libert\u00e9, l\u2019innocence et la place de chacun dans l\u2019histoire de son temps.<\/p>\n\n\n\n<p>Chaque \u0153uvre devient une r\u00e9ponse silencieuse mais vibrante aux questions de notre \u00e9poque, une r\u00e9flexion sur ce qui nous unit et nous divise, un miroir de l\u2019humanit\u00e9.<\/p>\n\n\n\n<p>Vero Becker transforme l\u2019art en essence, la couleur en pens\u00e9e, la lumi\u00e8re en \u00e9motion.<\/p>\n\n\n\n<p>Ses \u0153uvres frappent l\u2019\u0153il, bouleversent l\u2019esprit et laissent le spectateur face \u00e0 la beaut\u00e9, \u00e0 la complexit\u00e9 et \u00e0 l\u2019intensit\u00e9 d\u2019une vie enti\u00e8rement d\u00e9di\u00e9e \u00e0 la cr\u00e9ation.<\/p>\n\n\n\n<p>\u00ab L\u2019art est mon essence, le reste futilit\u00e9s. \u00bb<\/p>\n","protected":false},"excerpt":{"rendered":"<p>Biographie de l&rsquo;artiste V\u00e9ro BECKER N\u00e9e le 14 avril 1965 en Lorraine, Vero Becker na\u00eet d\u00e9j\u00e0 avec une destin\u00e9e grav\u00e9e dans la couleur et le trait. D\u00e8s l\u2019\u00e2ge de six ans, elle d\u00e9couvre que la peinture ne sera pas seulement un art, mais un langage secret pour traduire le monde, pour exorciser la complexit\u00e9 de [&hellip;]<\/p>\n","protected":false},"author":1,"featured_media":0,"parent":0,"menu_order":0,"comment_status":"closed","ping_status":"closed","template":"","meta":{"om_disable_all_campaigns":false,"_monsterinsights_skip_tracking":false,"_monsterinsights_sitenote_active":false,"_monsterinsights_sitenote_note":"","_monsterinsights_sitenote_category":0,"footnotes":""},"class_list":["post-469","page","type-page","status-publish","hentry"],"aioseo_notices":[],"_links":{"self":[{"href":"https:\/\/verobecker.com\/index.php?rest_route=\/wp\/v2\/pages\/469","targetHints":{"allow":["GET"]}}],"collection":[{"href":"https:\/\/verobecker.com\/index.php?rest_route=\/wp\/v2\/pages"}],"about":[{"href":"https:\/\/verobecker.com\/index.php?rest_route=\/wp\/v2\/types\/page"}],"author":[{"embeddable":true,"href":"https:\/\/verobecker.com\/index.php?rest_route=\/wp\/v2\/users\/1"}],"replies":[{"embeddable":true,"href":"https:\/\/verobecker.com\/index.php?rest_route=%2Fwp%2Fv2%2Fcomments&post=469"}],"version-history":[{"count":3,"href":"https:\/\/verobecker.com\/index.php?rest_route=\/wp\/v2\/pages\/469\/revisions"}],"predecessor-version":[{"id":1104,"href":"https:\/\/verobecker.com\/index.php?rest_route=\/wp\/v2\/pages\/469\/revisions\/1104"}],"wp:attachment":[{"href":"https:\/\/verobecker.com\/index.php?rest_route=%2Fwp%2Fv2%2Fmedia&parent=469"}],"curies":[{"name":"wp","href":"https:\/\/api.w.org\/{rel}","templated":true}]}}