{"id":1220,"date":"2026-04-17T19:19:10","date_gmt":"2026-04-17T19:19:10","guid":{"rendered":"https:\/\/verobecker.com\/?page_id=1220"},"modified":"2026-04-17T19:21:29","modified_gmt":"2026-04-17T19:21:29","slug":"les-veilleurs","status":"publish","type":"page","link":"https:\/\/verobecker.com\/?page_id=1220","title":{"rendered":"LES VEILLEURS"},"content":{"rendered":"\n<p>Cette page sera r\u00e9v\u00e9l\u00e9e au grand public le jour de son exposition ..<\/p>\n","protected":false},"excerpt":{"rendered":"<p>Cette page sera r\u00e9v\u00e9l\u00e9e au grand public le jour de son exposition ..<\/p>\n","protected":false},"author":1,"featured_media":0,"parent":0,"menu_order":0,"comment_status":"closed","ping_status":"closed","template":"page-with-title","meta":{"om_disable_all_campaigns":false,"_monsterinsights_skip_tracking":false,"_monsterinsights_sitenote_active":false,"_monsterinsights_sitenote_note":"","_monsterinsights_sitenote_category":0,"footnotes":""},"class_list":["post-1220","page","type-page","status-publish","hentry"],"aioseo_notices":[],"_links":{"self":[{"href":"https:\/\/verobecker.com\/index.php?rest_route=\/wp\/v2\/pages\/1220","targetHints":{"allow":["GET"]}}],"collection":[{"href":"https:\/\/verobecker.com\/index.php?rest_route=\/wp\/v2\/pages"}],"about":[{"href":"https:\/\/verobecker.com\/index.php?rest_route=\/wp\/v2\/types\/page"}],"author":[{"embeddable":true,"href":"https:\/\/verobecker.com\/index.php?rest_route=\/wp\/v2\/users\/1"}],"replies":[{"embeddable":true,"href":"https:\/\/verobecker.com\/index.php?rest_route=%2Fwp%2Fv2%2Fcomments&post=1220"}],"version-history":[{"count":1,"href":"https:\/\/verobecker.com\/index.php?rest_route=\/wp\/v2\/pages\/1220\/revisions"}],"predecessor-version":[{"id":1223,"href":"https:\/\/verobecker.com\/index.php?rest_route=\/wp\/v2\/pages\/1220\/revisions\/1223"}],"wp:attachment":[{"href":"https:\/\/verobecker.com\/index.php?rest_route=%2Fwp%2Fv2%2Fmedia&parent=1220"}],"curies":[{"name":"wp","href":"https:\/\/api.w.org\/{rel}","templated":true}]}}