{"id":1032,"date":"2025-01-25T16:47:16","date_gmt":"2025-01-25T16:47:16","guid":{"rendered":"https:\/\/verobecker.com\/?page_id=1032"},"modified":"2025-01-25T16:47:17","modified_gmt":"2025-01-25T16:47:17","slug":"le-poids-du-present","status":"publish","type":"page","link":"https:\/\/verobecker.com\/?page_id=1032","title":{"rendered":"LE POIDS DU PRESENT"},"content":{"rendered":"\n<p>LE POIDS DU PRESENT &#8211; ACRYLIQUE SUR TOILE &#8211; 40X50CM <\/p>\n\n\n\n<figure data-wp-context=\"{&quot;imageId&quot;:&quot;69e4a44933f58&quot;}\" data-wp-interactive=\"core\/image\" data-wp-key=\"69e4a44933f58\" class=\"wp-block-image size-large wp-lightbox-container\"><img loading=\"lazy\" decoding=\"async\" width=\"813\" height=\"1024\" data-wp-class--hide=\"state.isContentHidden\" data-wp-class--show=\"state.isContentVisible\" data-wp-init=\"callbacks.setButtonStyles\" data-wp-on--click=\"actions.showLightbox\" data-wp-on--load=\"callbacks.setButtonStyles\" data-wp-on-window--resize=\"callbacks.setButtonStyles\" src=\"https:\/\/verobecker.com\/wp-content\/uploads\/8e482917-6367-42dc-85c9-9e028cc80940-813x1024.jpg\" alt=\"\" class=\"wp-image-616\" srcset=\"https:\/\/verobecker.com\/wp-content\/uploads\/8e482917-6367-42dc-85c9-9e028cc80940-813x1024.jpg 813w, https:\/\/verobecker.com\/wp-content\/uploads\/8e482917-6367-42dc-85c9-9e028cc80940-238x300.jpg 238w, https:\/\/verobecker.com\/wp-content\/uploads\/8e482917-6367-42dc-85c9-9e028cc80940-768x967.jpg 768w, https:\/\/verobecker.com\/wp-content\/uploads\/8e482917-6367-42dc-85c9-9e028cc80940-1220x1536.jpg 1220w, https:\/\/verobecker.com\/wp-content\/uploads\/8e482917-6367-42dc-85c9-9e028cc80940.jpg 1626w\" sizes=\"auto, (max-width: 813px) 100vw, 813px\" \/><button\n\t\t\tclass=\"lightbox-trigger\"\n\t\t\ttype=\"button\"\n\t\t\taria-haspopup=\"dialog\"\n\t\t\taria-label=\"Agrandir\"\n\t\t\tdata-wp-init=\"callbacks.initTriggerButton\"\n\t\t\tdata-wp-on--click=\"actions.showLightbox\"\n\t\t\tdata-wp-style--right=\"state.imageButtonRight\"\n\t\t\tdata-wp-style--top=\"state.imageButtonTop\"\n\t\t>\n\t\t\t<svg xmlns=\"http:\/\/www.w3.org\/2000\/svg\" width=\"12\" height=\"12\" fill=\"none\" viewBox=\"0 0 12 12\">\n\t\t\t\t<path fill=\"#fff\" d=\"M2 0a2 2 0 0 0-2 2v2h1.5V2a.5.5 0 0 1 .5-.5h2V0H2Zm2 10.5H2a.5.5 0 0 1-.5-.5V8H0v2a2 2 0 0 0 2 2h2v-1.5ZM8 12v-1.5h2a.5.5 0 0 0 .5-.5V8H12v2a2 2 0 0 1-2 2H8Zm2-12a2 2 0 0 1 2 2v2h-1.5V2a.5.5 0 0 0-.5-.5H8V0h2Z\" \/>\n\t\t\t<\/svg>\n\t\t<\/button><\/figure>\n\n\n\n<p>Cette peinture repr\u00e9sente une figure classique, inspir\u00e9e des statues antiques, mais humanis\u00e9e par une posture d&rsquo;\u00e9motion universelle : la main couvrant le visage, comme un geste de honte, de tristesse, d&rsquo;\u00e9puisement. La nudit\u00e9 partielle et la robe rouge accentuent la vuln\u00e9rabilit\u00e9 et la passion du personnage. <\/p>\n\n\n\n<p>Dans un contexte contemporain, on peut y voir une m\u00e9taphore de l&rsquo;humanit\u00e9 confront\u00e9e \u00e0 ses contradictions : un h\u00e9ritage grandiose (symbolis\u00e9 par l&rsquo;esth\u00e9tique classique) et un sentiment de d\u00e9sespoir face \u00e0 des enjeux modernes comme le r\u00e9chauffement climatique, les crises sociales, ou la surcharge \u00e9motionnelle des temps actuels avec tous ses sujets de soci\u00e9t\u00e9..<\/p>\n\n\n\n<p>Cette image exprime une tension entre la perfection id\u00e9alis\u00e9e et la fragilit\u00e9 humaine, rappelant que m\u00eame ce qui semble intemporel peut \u00eatre submerg\u00e9 par des \u00e9motions.<\/p>\n\n\n\n<p>Cette toile refl\u00e8te l&rsquo;id\u00e9e d&rsquo;une figure intemporelle \u00e9cras\u00e9e par les \u00e9motions et les d\u00e9fis de l&rsquo;\u00e9poque moderne, tout en mettant en lumi\u00e8re la tension entre l&rsquo;h\u00e9ritage classique et les dilemmes contemporains.<\/p>\n","protected":false},"excerpt":{"rendered":"<p>LE POIDS DU PRESENT &#8211; ACRYLIQUE SUR TOILE &#8211; 40X50CM Cette peinture repr\u00e9sente une figure classique, inspir\u00e9e des statues antiques, mais humanis\u00e9e par une posture d&rsquo;\u00e9motion universelle : la main couvrant le visage, comme un geste de honte, de tristesse, d&rsquo;\u00e9puisement. La nudit\u00e9 partielle et la robe rouge accentuent la vuln\u00e9rabilit\u00e9 et la passion du [&hellip;]<\/p>\n","protected":false},"author":1,"featured_media":0,"parent":0,"menu_order":0,"comment_status":"closed","ping_status":"closed","template":"","meta":{"om_disable_all_campaigns":false,"_monsterinsights_skip_tracking":false,"_monsterinsights_sitenote_active":false,"_monsterinsights_sitenote_note":"","_monsterinsights_sitenote_category":0,"footnotes":""},"class_list":["post-1032","page","type-page","status-publish","hentry"],"aioseo_notices":[],"_links":{"self":[{"href":"https:\/\/verobecker.com\/index.php?rest_route=\/wp\/v2\/pages\/1032","targetHints":{"allow":["GET"]}}],"collection":[{"href":"https:\/\/verobecker.com\/index.php?rest_route=\/wp\/v2\/pages"}],"about":[{"href":"https:\/\/verobecker.com\/index.php?rest_route=\/wp\/v2\/types\/page"}],"author":[{"embeddable":true,"href":"https:\/\/verobecker.com\/index.php?rest_route=\/wp\/v2\/users\/1"}],"replies":[{"embeddable":true,"href":"https:\/\/verobecker.com\/index.php?rest_route=%2Fwp%2Fv2%2Fcomments&post=1032"}],"version-history":[{"count":1,"href":"https:\/\/verobecker.com\/index.php?rest_route=\/wp\/v2\/pages\/1032\/revisions"}],"predecessor-version":[{"id":1033,"href":"https:\/\/verobecker.com\/index.php?rest_route=\/wp\/v2\/pages\/1032\/revisions\/1033"}],"wp:attachment":[{"href":"https:\/\/verobecker.com\/index.php?rest_route=%2Fwp%2Fv2%2Fmedia&parent=1032"}],"curies":[{"name":"wp","href":"https:\/\/api.w.org\/{rel}","templated":true}]}}